{"id":594,"date":"2019-11-26T11:18:52","date_gmt":"2019-11-26T11:18:52","guid":{"rendered":"https:\/\/norint.eu\/wordpress\/?page_id=594"},"modified":"2021-01-29T09:41:21","modified_gmt":"2021-01-29T09:41:21","slug":"norskprove","status":"publish","type":"page","link":"https:\/\/norint.eu\/eng\/norskprove\/","title":{"rendered":"Norskpr\u00f8ve"},"content":{"rendered":"<p>[vc_row][vc_column]<div class=\"ult-animation  ult-animate-viewport  ult-no-mobile \" data-animate=\"fadeInLeft\" data-animation-delay=\"0\" data-animation-duration=\"3\" data-animation-iteration=\"1\" style=\"opacity:0;\" data-opacity_start_effect=\"\"><div class='dt-sc-title script-with-sub-title '><h2>Norskpr\u00f8ve has <strong> two main parts: written and oral. <\/strong><\/h2><h3><\/h3><\/div><\/div>[\/vc_column][\/vc_row][vc_row][vc_column]<div class=\"ult-animation  ult-animate-viewport  ult-no-mobile \" data-animate=\"fadeInLeft\" data-animation-delay=\"0\" data-animation-duration=\"3\" data-animation-iteration=\"1\" style=\"opacity:0;\" data-opacity_start_effect=\"\">[vc_text_separator title=&#8221;The written test (conducted with the use of computers) consists of:&#8221; color=&#8221;blue&#8221; style=&#8221;double&#8221; border_width=&#8221;4&#8243;]<\/div>[\/vc_column][vc_column width=&#8221;5\/12&#8243;]<div class=\"ult-animation  ult-animate-viewport  ult-no-mobile \" data-animate=\"fadeInLeft\" data-animation-delay=\"0\" data-animation-duration=\"3\" data-animation-iteration=\"1\" style=\"opacity:0;\" data-opacity_start_effect=\"\">[vc_single_image image=&#8221;714&#8243; img_size=&#8221;large&#8221;]<\/div>[\/vc_column][vc_column width=&#8221;7\/12&#8243;]<div class=\"ult-animation  ult-animate-viewport  ult-no-mobile \" data-animate=\"fadeInLeft\" data-animation-delay=\"0\" data-animation-duration=\"3\" data-animation-iteration=\"1\" style=\"opacity:0;\" data-opacity_start_effect=\"\"><ul class='dt-sc-fancy-list  blue  rounded-tick'>\n<li><strong> listening and listening comprehension exercises (25-50 minutes) <\/strong><\/li>\n<li><strong> reading and comprehension exercises (75 minutes) <\/strong><\/li>\n<li><strong> an essay on a given topic, levels A1\/A2 and A2\/B1 (90 minutes) and level B1\/B2 (120 minutes)<\/strong><\/li>\n<\/ul><\/div>[\/vc_column][vc_column]<div class=\"ult-animation  ult-animate-viewport  ult-no-mobile \" data-animate=\"fadeInLeft\" data-animation-delay=\"0\" data-animation-duration=\"3\" data-animation-iteration=\"1\" style=\"opacity:0;\" data-opacity_start_effect=\"\">[vc_column_text]The first two parts of the written test are adjusted to the language level of the test taker on an ongoing basis. The number of proposed tasks depends on the correctness of the answers provided, i.e. the more correct answers, the more and more difficult exercises to solve. If the answers are correct, the number of questions to be done in the first part of the test also increases.[\/vc_column_text]<\/div>[\/vc_column][\/vc_row][vc_row][vc_column]<div class=\"ult-animation  ult-animate-viewport  ult-no-mobile \" data-animate=\"fadeInLeft\" data-animation-delay=\"0\" data-animation-duration=\"3\" data-animation-iteration=\"1\" style=\"opacity:0;\" data-opacity_start_effect=\"\">[vc_text_separator title=&#8221;The oral exam (approximately 20-30 minutes) is divided into two parts:&#8221; color=&#8221;blue&#8221; style=&#8221;double&#8221; border_width=&#8221;4&#8243;]<\/div>[\/vc_column][vc_column width=&#8221;3\/4&#8243;]<div class=\"ult-animation  ult-animate-viewport  ult-no-mobile \" data-animate=\"fadeInLeft\" data-animation-delay=\"0\" data-animation-duration=\"3\" data-animation-iteration=\"1\" style=\"opacity:0;\" data-opacity_start_effect=\"\"><ul class='dt-sc-fancy-list  blue  rounded-tick'>\n<li>conversation<\/li>\n<li>individual statement on the given topic.<\/li>\n<\/ul><\/div>[\/vc_column][vc_column width=&#8221;1\/4&#8243;]<div class=\"ult-animation  ult-animate-viewport  ult-no-mobile \" data-animate=\"fadeInLeft\" data-animation-delay=\"0\" data-animation-duration=\"3\" data-animation-iteration=\"1\" style=\"opacity:0;\" data-opacity_start_effect=\"\"><\/div>[\/vc_column][vc_column]<div class=\"ult-animation  ult-animate-viewport  ult-no-mobile \" data-animate=\"fadeInLeft\" data-animation-delay=\"0\" data-animation-duration=\"3\" data-animation-iteration=\"1\" style=\"opacity:0;\" data-opacity_start_effect=\"\"><div class=\"ult-spacer spacer-69e8e5f1dfb21\" data-id=\"69e8e5f1dfb21\" data-height=\"25\" data-height-mobile=\"25\" data-height-tab=\"25\" data-height-tab-portrait=\"\" data-height-mobile-landscape=\"\" style=\"clear:both;display:block;\"><\/div>[vc_column_text]Using any additional &#8220;help&#8221; while taking the exam (such as the Internet, dictionary, telephone, notes, the person sitting next to them or their work, etc.) is unacceptable and severely punished (expulsion from the test, lack of certificate for any part of the exam, restricted from retaking it for a year and).<\/p>\n<p>Norskpr\u00f8ve (both written and oral) can be taken at the following levels:<\/p>\n<p>A1-A2, A2-B1, or B1-B2. The choice of the level will be decided during registration. Confirmation of passing the exam at the selected level is the issued certificate.<\/p>\n<p>Level A1 is the equivalent of the former Norskpr\u00f8ve 1, level A2 &#8211; Norskpr\u00f8ve 2, level B1 &#8211; Norskpr\u00f8ve 3, and level B2 is the basis for admission to studies in Norway.[\/vc_column_text][vc_text_separator title=&#8221;Norskpr\u00f8ve exam dates in 2021:&#8221; color=&#8221;blue&#8221; style=&#8221;double&#8221; border_width=&#8221;4&#8243;]<\/div>[\/vc_column][\/vc_row][vc_row][vc_column width=&#8221;1\/6&#8243;][\/vc_column][vc_column width=&#8221;4\/6&#8243;]<div class=\"ult-animation  ult-animate-viewport  ult-no-mobile \" data-animate=\"fadeInLeftBig\" data-animation-delay=\"0\" data-animation-duration=\"2\" data-animation-iteration=\"1\" style=\"opacity:0;\" data-opacity_start_effect=\"\"><div class=\"ult_pricing_table_wrap ult_info_table ult_design_2  ult-cs-blue \">\r\n\t\t\t\t\t<div class=\"ult_pricing_table \" style=\" \"><div id=\"Info-table-wrap-6276\" class=\"ult_pricing_heading\" style=\"\">\r\n\t\t\t\t\t\t\t<h3 class=\"ult-responsive\"  data-ultimate-target='#Info-table-wrap-6276 h3'  data-responsive-json-new='{\"font-size\":\"\",\"line-height\":\"\"}'  style=\"font-weight:normal;\"><\/h3><\/div><!--ult_pricing_heading--><div id=\"info_table_features_wrap-5599\"  data-ultimate-target='#info_table_features_wrap-5599.ult_price_features'  data-responsive-json-new='{\"font-size\":\"\",\"line-height\":\"\"}'  class=\"ult-responsive ult_price_features\" style=\"font-weight:normal;\">\r\n\t\t\t\t\t\t\t<figure class=\"wp-block-table\">\n<table>\n<tbody>\n<tr>\n<td><strong> SPRING 2021<\/strong><\/td>\n<td><\/td>\n<\/tr>\n<tr>\n<td>registration for the exam (online)<\/td>\n<td>January 18 &#8211; January 22, 2021<\/td>\n<\/tr>\n<tr>\n<td>exam<\/td>\n<td>March 98- March 19, 2021<\/td>\n<\/tr>\n<tr>\n<td><\/td>\n<td><\/td>\n<\/tr>\n<tr>\n<td><strong> SUMMER 2021<\/strong><\/td>\n<td><\/td>\n<\/tr>\n<tr>\n<td>registration for the exam (online)<\/td>\n<td>April 14 &#8211; April 20, 2021<\/td>\n<\/tr>\n<tr>\n<td>exam<\/td>\n<td>May 18 &#8211; May 28, 2021<\/td>\n<\/tr>\n<tr>\n<td><\/td>\n<td><\/td>\n<\/tr>\n<tr>\n<td><strong> AUTUMN 2021<\/strong><\/td>\n<td><\/td>\n<\/tr>\n<tr>\n<td>exam registration (online)<\/td>\n<td>August 23 &#8211; August 27, 2021<\/td>\n<\/tr>\n<tr>\n<td>exam<\/td>\n<td>September 27 \u2013 October 1, 2021<\/td>\n<\/tr>\n<tr>\n<td><\/td>\n<td><\/td>\n<\/tr>\n<tr>\n<td><strong> WINTER 2021<\/strong><\/td>\n<td><\/td>\n<\/tr>\n<tr>\n<td>exam registration (online)<\/td>\n<td>November 1 \u2013 November 5, 2021<\/td>\n<\/tr>\n<tr>\n<td>exam<\/td>\n<td>December 6\u2013 December 10, 2021<\/td>\n<\/tr>\n<\/tbody>\n<\/table>\n<\/figure>\n\r\n\t\t\t\t\t\t<\/div><!--ult_price_features--><div class=\"ult_clr\"><\/div>\r\n\t\t\t<\/div><!--pricing_table-->\r\n\t\t<\/div><!--pricing_table_wrap--><\/div>[\/vc_column][vc_column width=&#8221;1\/6&#8243;][\/vc_column][vc_column]<div class=\"ult-animation  ult-animate-viewport  ult-no-mobile \" data-animate=\"fadeInLeft\" data-animation-delay=\"0\" data-animation-duration=\"3\" data-animation-iteration=\"1\" style=\"opacity:0;\" data-opacity_start_effect=\"\">[vc_column_text]The Norskpr\u00f8ve exam is held all over Norway (in most municipalities). Anyone who wants to can take part in it, they can freely choose the place of taking the exam. However, many municipalities have a limited number of places so it is best to sign up for the exam early in the registration period.<\/p>\n<p>You can register for the Norskpr\u00f8ve exam only within the prescribed period, incl. via <a href=\"https:\/\/www.kompetansenorge.no\/\">https:\/\/www.kompetansenorge.no\/<\/a>, which also contains other useful information.<\/p>\n<p>You can register for both, i.e. the written and oral part of the exam, or only one of them. If you are taking the written exam for the first time, you must register for all three parts: reading, listening, and writing. If you have already taken it before (in the computer version), you can also choose all three parts of the test or only some of them.<\/p>\n<p>If you register for the exam, you will receive a written notice at least two weeks prior to the scheduled date, stating where and when you can take the test.<\/p>\n<p>There is usually a fee to take Norskpr\u00f8ve. Each test center decides what the price will be. Retaking the exam or its part is also payable. The costs of the exam vary from NOK 300 &#8211; NOK 2200, they are set by individual municipalities and are visible in the registration panel.<\/p>\n<p>However, if you are entitled to learn Norwegian free of charge, you may also take the Norskpr\u00f8ve exam for free (once).<\/p>\n<p>Norskpr\u00f8ve (after individual adjustment of the test) can be taken by people who are visually impaired and hard of hearing, with dyslexia and other problems that make it difficult to pass the exam according to the usual rules. If you need individual exam adaptation or you are not sure if you can count on it, please contact us! We can help you get the information you need and complete the formalities :-).[\/vc_column_text]<\/div>[\/vc_column][\/vc_row]<\/p>\n","protected":false},"excerpt":{"rendered":"<p>[vc_row][vc_column][\/vc_column][\/vc_row][vc_row][vc_column][\/vc_column][vc_column width=&#8221;5\/12&#8243;][\/vc_column][vc_column width=&#8221;7\/12&#8243;][\/vc_column][vc_column][\/vc_column][\/vc_row][vc_row][vc_column][\/vc_column][vc_column width=&#8221;3\/4&#8243;][\/vc_column][vc_column width=&#8221;1\/4&#8243;][\/vc_column][vc_column][\/vc_column][\/vc_row][vc_row][vc_column width=&#8221;1\/6&#8243;][\/vc_column][vc_column width=&#8221;4\/6&#8243;][\/vc_column][vc_column width=&#8221;1\/6&#8243;][\/vc_column][vc_column][\/vc_column][\/vc_row]<\/p>\n","protected":false},"author":6,"featured_media":0,"parent":0,"menu_order":0,"comment_status":"closed","ping_status":"closed","template":"","meta":[],"_links":{"self":[{"href":"https:\/\/norint.eu\/eng\/wp-json\/wp\/v2\/pages\/594"}],"collection":[{"href":"https:\/\/norint.eu\/eng\/wp-json\/wp\/v2\/pages"}],"about":[{"href":"https:\/\/norint.eu\/eng\/wp-json\/wp\/v2\/types\/page"}],"author":[{"embeddable":true,"href":"https:\/\/norint.eu\/eng\/wp-json\/wp\/v2\/users\/6"}],"replies":[{"embeddable":true,"href":"https:\/\/norint.eu\/eng\/wp-json\/wp\/v2\/comments?post=594"}],"version-history":[{"count":4,"href":"https:\/\/norint.eu\/eng\/wp-json\/wp\/v2\/pages\/594\/revisions"}],"predecessor-version":[{"id":1604,"href":"https:\/\/norint.eu\/eng\/wp-json\/wp\/v2\/pages\/594\/revisions\/1604"}],"wp:attachment":[{"href":"https:\/\/norint.eu\/eng\/wp-json\/wp\/v2\/media?parent=594"}],"curies":[{"name":"wp","href":"https:\/\/api.w.org\/{rel}","templated":true}]}}