{"id":490,"date":"2019-11-18T13:39:40","date_gmt":"2019-11-18T13:39:40","guid":{"rendered":"https:\/\/norint.eu\/wordpress\/?page_id=490"},"modified":"2019-11-18T13:39:40","modified_gmt":"2019-11-18T13:39:40","slug":"kursy-online","status":"publish","type":"page","link":"https:\/\/norint.eu\/no\/kursy-online\/","title":{"rendered":"KURS ONLINE"},"content":{"rendered":"<p>[vc_row][vc_column]<div class=\"ult-animation  ult-animate-viewport  ult-no-mobile \" data-animate=\"fadeInLeft\" data-animation-delay=\"0\" data-animation-duration=\"2\" data-animation-iteration=\"1\" style=\"opacity:0;\" data-opacity_start_effect=\"\"><div class='dt-sc-title script-with-sub-title '><h2><strong> online <\/strong> kurs<\/h2><h3><\/h3><\/div>[vc_column_text]Kursene v\u00e5re holdes p\u00e5 en brukervennlig pedagogisk plattform. Hver leksjon blir dirigert av en polsk l\u00e6rer eller en norsk l\u00e6rer. Vi underviser ikke bare grammatikkregler og ordforr\u00e5d, men mest av alt fokuserer vi p\u00e5 riktig bruk av nyl\u00e6rte setninger og grammatiske strukturer, riktig uttale og aksent. Nettkurs i norsk er et flott alternativ for folk som har lite tid eller bare foretrekker \u00e5 studere n\u00e5r og hvor de vil.[\/vc_column_text]<\/div>[\/vc_column][vc_column width=&#8221;1\/4&#8243;]<div class=\"ult-animation  ult-animate-viewport  ult-no-mobile \" data-animate=\"fadeInLeft\" data-animation-delay=\"0\" data-animation-duration=\"2\" data-animation-iteration=\"1\" style=\"opacity:0;\" data-opacity_start_effect=\"\"><div class=\"ult-spacer spacer-69e7e86329210\" data-id=\"69e7e86329210\" data-height=\"20\" data-height-mobile=\"20\" data-height-tab=\"20\" data-height-tab-portrait=\"\" data-height-mobile-landscape=\"\" style=\"clear:both;display:block;\"><\/div>[vc_single_image image=&#8221;438&#8243; img_size=&#8221;large&#8221;]<div class=\"ult-spacer spacer-69e7e8632922b\" data-id=\"69e7e8632922b\" data-height=\"20\" data-height-mobile=\"20\" data-height-tab=\"20\" data-height-tab-portrait=\"\" data-height-mobile-landscape=\"\" style=\"clear:both;display:block;\"><\/div><\/div>[\/vc_column][vc_column width=&#8221;3\/4&#8243;]<div class=\"ult-animation  ult-animate-viewport  ult-no-mobile \" data-animate=\"fadeInLeft\" data-animation-delay=\"0\" data-animation-duration=\"2\" data-animation-iteration=\"1\" style=\"opacity:0;\" data-opacity_start_effect=\"\"><ul class='dt-sc-fancy-list  blue  rounded-tick'>\n<li>permanent tilgang til l\u00e6ringsplattformen<\/li>\n<li>leksjoner med en erfaren l\u00e6rer (native eller polsk l\u00e6rer)<\/li>\n<li>alt studiemateriell<\/li>\n<li>stor fleksibilitet i planlegging av leksjonstider<\/li>\n<li>individuell tiln\u00e6rming til behovene til hver elev og deres l\u00e6ringstempo<\/li>\n<li>mulighet for \u00e5 lage en virtuell klasse, der kurset deltas av 2 til 5 personer, og dermed kan du stole p\u00e5 mer attraktive priser!<\/li>\n<\/ul><\/div>[\/vc_column][vc_column]<div class=\"ult-animation  ult-animate-viewport  ult-no-mobile \" data-animate=\"fadeInLeft\" data-animation-delay=\"0\" data-animation-duration=\"2\" data-animation-iteration=\"1\" style=\"opacity:0;\" data-opacity_start_effect=\"\"><div class=\"ult-spacer spacer-69e7e86329428\" data-id=\"69e7e86329428\" data-height=\"50\" data-height-mobile=\"50\" data-height-tab=\"50\" data-height-tab-portrait=\"\" data-height-mobile-landscape=\"\" style=\"clear:both;display:block;\"><\/div><\/div><div class=\"ult-animation  ult-animate-viewport  ult-no-mobile \" data-animate=\"fadeInLeft\" data-animation-delay=\"0\" data-animation-duration=\"2\" data-animation-iteration=\"1\" style=\"opacity:0;\" data-opacity_start_effect=\"\"><\/div>[\/vc_column][\/vc_row][vc_row][vc_column][\/vc_column][\/vc_row]<\/p>\n","protected":false},"excerpt":{"rendered":"<p>[vc_row][vc_column][\/vc_column][vc_column width=&#8221;1\/4&#8243;][\/vc_column][vc_column width=&#8221;3\/4&#8243;][\/vc_column][vc_column][\/vc_column][\/vc_row][vc_row][vc_column][\/vc_column][\/vc_row]<\/p>\n","protected":false},"author":4,"featured_media":0,"parent":0,"menu_order":0,"comment_status":"closed","ping_status":"closed","template":"","meta":[],"_links":{"self":[{"href":"https:\/\/norint.eu\/no\/wp-json\/wp\/v2\/pages\/490"}],"collection":[{"href":"https:\/\/norint.eu\/no\/wp-json\/wp\/v2\/pages"}],"about":[{"href":"https:\/\/norint.eu\/no\/wp-json\/wp\/v2\/types\/page"}],"author":[{"embeddable":true,"href":"https:\/\/norint.eu\/no\/wp-json\/wp\/v2\/users\/4"}],"replies":[{"embeddable":true,"href":"https:\/\/norint.eu\/no\/wp-json\/wp\/v2\/comments?post=490"}],"version-history":[{"count":0,"href":"https:\/\/norint.eu\/no\/wp-json\/wp\/v2\/pages\/490\/revisions"}],"wp:attachment":[{"href":"https:\/\/norint.eu\/no\/wp-json\/wp\/v2\/media?parent=490"}],"curies":[{"name":"wp","href":"https:\/\/api.w.org\/{rel}","templated":true}]}}