{"id":494,"date":"2019-11-18T13:40:32","date_gmt":"2019-11-18T13:40:32","guid":{"rendered":"https:\/\/norint.eu\/wordpress\/?page_id=494"},"modified":"2019-11-18T13:40:32","modified_gmt":"2019-11-18T13:40:32","slug":"practical-information","status":"publish","type":"page","link":"https:\/\/norint.eu\/no\/practical-information\/","title":{"rendered":"practical information"},"content":{"rendered":"<p>[vc_row][vc_column]<div class=\"ult-animation  ult-animate-viewport  ult-no-mobile \" data-animate=\"fadeInLeft\" data-animation-delay=\"0.3\" data-animation-duration=\"2\" data-animation-iteration=\"1\" style=\"opacity:0;\" data-opacity_start_effect=\"\"><div class='dt-sc-title script-with-sub-title '><h2>praktisk <strong> informasjon <\/strong><\/h2><h4>For \u00e5 forbedre deg til kurset ditt, vennligst les informasjonen om:<\/h4><\/div><\/div><div class=\"ult-animation  ult-animate-viewport  ult-no-mobile \" data-animate=\"fadeInLeft\" data-animation-delay=\"0.5\" data-animation-duration=\"2\" data-animation-iteration=\"1\" style=\"opacity:0;\" data-opacity_start_effect=\"\"><ul class='dt-sc-fancy-list  blue  comment'>\n<li><a href=\"\/no\/tekniske-krav\/\"> tekniske krav til datamaskinene som studentene skal bruke <\/a><\/li>\n<li><a href=\"\/no\/betalingsmetoder\/\"> betalingsm\u00e5ter for utvalgte tjenester <\/a><\/li>\n<li><a href=\"\/no\/skoleforskrifter\/\"> skolens regler <\/a><\/li>\n<\/ul><\/div><div class=\"ult-spacer spacer-69d08db7ebea5\" data-id=\"69d08db7ebea5\" data-height=\"50\" data-height-mobile=\"50\" data-height-tab=\"50\" data-height-tab-portrait=\"\" data-height-mobile-landscape=\"\" style=\"clear:both;display:block;\"><\/div><div class=\"ult-animation  ult-animate-viewport  ult-no-mobile \" data-animate=\"fadeInLeft\" data-animation-delay=\"0.7\" data-animation-duration=\"2\" data-animation-iteration=\"1\" style=\"opacity:0;\" data-opacity_start_effect=\"\">[vc_column_text]<\/p>\n<p>Vi pr\u00f8ver \u00e5 gj\u00f8re alt for \u00e5 tydelig definere prinsippene vi opererer under. Imidlertid, hvis du er i tvil, kan du alltid ta kontakte med oss.<\/p>\n<p>[\/vc_column_text]<\/div>[\/vc_column][\/vc_row]<\/p>\n","protected":false},"excerpt":{"rendered":"<p>[vc_row][vc_column][\/vc_column][\/vc_row]<\/p>\n","protected":false},"author":4,"featured_media":0,"parent":0,"menu_order":0,"comment_status":"closed","ping_status":"closed","template":"","meta":[],"_links":{"self":[{"href":"https:\/\/norint.eu\/no\/wp-json\/wp\/v2\/pages\/494"}],"collection":[{"href":"https:\/\/norint.eu\/no\/wp-json\/wp\/v2\/pages"}],"about":[{"href":"https:\/\/norint.eu\/no\/wp-json\/wp\/v2\/types\/page"}],"author":[{"embeddable":true,"href":"https:\/\/norint.eu\/no\/wp-json\/wp\/v2\/users\/4"}],"replies":[{"embeddable":true,"href":"https:\/\/norint.eu\/no\/wp-json\/wp\/v2\/comments?post=494"}],"version-history":[{"count":0,"href":"https:\/\/norint.eu\/no\/wp-json\/wp\/v2\/pages\/494\/revisions"}],"wp:attachment":[{"href":"https:\/\/norint.eu\/no\/wp-json\/wp\/v2\/media?parent=494"}],"curies":[{"name":"wp","href":"https:\/\/api.w.org\/{rel}","templated":true}]}}