{"id":496,"date":"2019-11-18T13:40:43","date_gmt":"2019-11-18T13:40:43","guid":{"rendered":"https:\/\/norint.eu\/wordpress\/?page_id=496"},"modified":"2019-11-18T13:40:43","modified_gmt":"2019-11-18T13:40:43","slug":"egzaminy","status":"publish","type":"page","link":"https:\/\/norint.eu\/no\/egzaminy\/","title":{"rendered":"Norwegian examinations"},"content":{"rendered":"<p>[vc_row][vc_column]<div class=\"ult-animation  ult-animate-viewport  ult-no-mobile \" data-animate=\"fadeInLeft\" data-animation-delay=\"0\" data-animation-duration=\"3\" data-animation-iteration=\"1\" style=\"opacity:0;\" data-opacity_start_effect=\"\"><div class='dt-sc-title script-with-sub-title '><h2>Offisielle norske <strong> eksamener <\/strong><\/h2><h3><\/h3><\/div><\/div>[\/vc_column][\/vc_row][vc_row equal_height=&#8221;yes&#8221;][vc_column width=&#8221;5\/12&#8243;]<div class=\"ult-spacer spacer-69e7717c37ee6\" data-id=\"69e7717c37ee6\" data-height=\"50\" data-height-mobile=\"50\" data-height-tab=\"50\" data-height-tab-portrait=\"\" data-height-mobile-landscape=\"\" style=\"clear:both;display:block;\"><\/div><div class=\"ult-animation  ult-animate-viewport  ult-no-mobile \" data-animate=\"fadeInLeft\" data-animation-delay=\"0\" data-animation-duration=\"3\" data-animation-iteration=\"1\" style=\"opacity:0;\" data-opacity_start_effect=\"\">[vc_single_image image=&#8221;705&#8243; img_size=&#8221;full&#8221; alignment=&#8221;center&#8221;]<\/div>[\/vc_column][vc_column width=&#8221;7\/12&#8243;]<div class=\"ult-animation  ult-animate-viewport  ult-no-mobile \" data-animate=\"fadeInLeft\" data-animation-delay=\"0\" data-animation-duration=\"3\" data-animation-iteration=\"1\" style=\"opacity:0;\" data-opacity_start_effect=\"\">[vc_column_text]Det finnes to typer nasjonale spr\u00e5kferdighetspr\u00f8ver i Norge: Norskpr\u00f8ve (niv\u00e5 A1-A2, A2-B1 eller B1-B2) og Bergenstest (avansert niv\u00e5). P\u00e5 skolen tilbyr vi forberedelse til ovennevnte eksamener p\u00e5 alle niv\u00e5. L\u00e6rerne v\u00e5re har lang erfaring innen dette feltet, vi har ogs\u00e5 ekstra undervisningsmateriell som hjelper studentene v\u00e5re \u00e5 bli kjent med kravene og l\u00f8pet av eksamen. P\u00e5 avanserte niv\u00e5 tilbyr vi leksjoner med morsm\u00e5l som i tillegg vil hjelpe deg med \u00e5 mestre nyansene i spr\u00e5ket, og leksjoner med dem vil v\u00e6re en sjanse til \u00e5 bli vant til \u00e5 komme i kontakt med innf\u00f8dte nordmenn. Derfor, hvis du trenger \u00e5 bekrefte kunnskapen om norsk med statseksamen, inviterer vi deg til \u00e5 studere hos oss.<\/p>\n<p>Vi vil forberede deg p\u00e5 det &#8211; med suksess![\/vc_column_text]<\/div>[\/vc_column][\/vc_row][vc_row][vc_column]<div class=\"ult-spacer spacer-69e7717c37f7d\" data-id=\"69e7717c37f7d\" data-height=\"50\" data-height-mobile=\"50\" data-height-tab=\"50\" data-height-tab-portrait=\"\" data-height-mobile-landscape=\"\" style=\"clear:both;display:block;\"><\/div>[\/vc_column][\/vc_row]<\/p>\n","protected":false},"excerpt":{"rendered":"<p>[vc_row][vc_column][\/vc_column][\/vc_row][vc_row equal_height=&#8221;yes&#8221;][vc_column width=&#8221;5\/12&#8243;][\/vc_column][vc_column width=&#8221;7\/12&#8243;][\/vc_column][\/vc_row][vc_row][vc_column][\/vc_column][\/vc_row]<\/p>\n","protected":false},"author":4,"featured_media":0,"parent":0,"menu_order":0,"comment_status":"closed","ping_status":"closed","template":"","meta":[],"_links":{"self":[{"href":"https:\/\/norint.eu\/no\/wp-json\/wp\/v2\/pages\/496"}],"collection":[{"href":"https:\/\/norint.eu\/no\/wp-json\/wp\/v2\/pages"}],"about":[{"href":"https:\/\/norint.eu\/no\/wp-json\/wp\/v2\/types\/page"}],"author":[{"embeddable":true,"href":"https:\/\/norint.eu\/no\/wp-json\/wp\/v2\/users\/4"}],"replies":[{"embeddable":true,"href":"https:\/\/norint.eu\/no\/wp-json\/wp\/v2\/comments?post=496"}],"version-history":[{"count":0,"href":"https:\/\/norint.eu\/no\/wp-json\/wp\/v2\/pages\/496\/revisions"}],"wp:attachment":[{"href":"https:\/\/norint.eu\/no\/wp-json\/wp\/v2\/media?parent=496"}],"curies":[{"name":"wp","href":"https:\/\/api.w.org\/{rel}","templated":true}]}}