{"id":554,"date":"2019-11-26T11:11:03","date_gmt":"2019-11-26T11:11:03","guid":{"rendered":"https:\/\/norint.eu\/wordpress\/?page_id=554"},"modified":"2019-11-26T11:11:03","modified_gmt":"2019-11-26T11:11:03","slug":"forberedende-kurs","status":"publish","type":"page","link":"https:\/\/norint.eu\/no\/forberedende-kurs\/","title":{"rendered":"forberedende kurs"},"content":{"rendered":"<p>[vc_row][vc_column]<div class='dt-sc-title script-with-sub-title '><h2>Alfabet<strong>iseringskurs <\/strong><\/h2><h4>Norsk spr\u00e5kforberedelseskurs<\/h4><\/div>[vc_text_separator title=&#8221;Som en del av kurset tilbyr vi:&#8221; color=&#8221;custom&#8221; style=&#8221;double&#8221; border_width=&#8221;4&#8243; accent_color=&#8221;#274584&#8243;][\/vc_column][vc_column el_align=&#8221;center&#8221; width=&#8221;4\/12&#8243;]<div class=\"ult-animation  ult-animate-viewport  ult-no-mobile \" data-animate=\"fadeInLeft\" data-animation-delay=\"0\" data-animation-duration=\"2\" data-animation-iteration=\"1\" style=\"opacity:0;\" data-opacity_start_effect=\"\"><div class=\"ult-spacer spacer-69dece0566ae9\" data-id=\"69dece0566ae9\" data-height=\"30\" data-height-mobile=\"30\" data-height-tab=\"30\" data-height-tab-portrait=\"\" data-height-mobile-landscape=\"\" style=\"clear:both;display:block;\"><\/div>[vc_single_image image=&#8221;439&#8243; img_size=&#8221;full&#8221;]<div class=\"ult-spacer spacer-69dece0566b03\" data-id=\"69dece0566b03\" data-height=\"0\" data-height-mobile=\"0\" data-height-tab=\"0\" data-height-tab-portrait=\"\" data-height-mobile-landscape=\"\" style=\"clear:both;display:block;\"><\/div><a href='#' target='_self' title='' class='dt-sc-button vc_custom_1607433662704  small     partially-rounded filled sg-popup-id-1338' > Bestill N\u00e5 <\/a><div class=\"ult-spacer spacer-69dece0566b38\" data-id=\"69dece0566b38\" data-height=\"30\" data-height-mobile=\"30\" data-height-tab=\"30\" data-height-tab-portrait=\"\" data-height-mobile-landscape=\"\" style=\"clear:both;display:block;\"><\/div><\/div>[\/vc_column][vc_column width=&#8221;8\/12&#8243;]<div class=\"ult-animation  ult-animate-viewport  ult-no-mobile \" data-animate=\"fadeInLeft\" data-animation-delay=\"0\" data-animation-duration=\"2\" data-animation-iteration=\"1\" style=\"opacity:0;\" data-opacity_start_effect=\"\"><ul class='dt-sc-fancy-list  blue  rounded-tick'>\n<li><strong> 20 individuelle leksjoner (45 minutter) med en online l\u00e6rer, <\/strong><\/li>\n<li>permanent tilgang til utdanningsplattformen<\/li>\n<li>l\u00e6remateriell (tester, spill, digitale flashcards),<\/li>\n<li>tilgang til \u201cNy og Norge\u201d undervisningsmateriell og e-bok (digital l\u00e6rebok)<\/li>\n<\/ul><\/div>[\/vc_column][vc_column]<div class=\"ult-animation  ult-animate-viewport  ult-no-mobile \" data-animate=\"fadeInLeft\" data-animation-delay=\"0\" data-animation-duration=\"2\" data-animation-iteration=\"1\" style=\"opacity:0;\" data-opacity_start_effect=\"\">[vc_text_separator title=&#8221;Kursdetaljer:&#8221; color=&#8221;custom&#8221; style=&#8221;double&#8221; border_width=&#8221;4&#8243; accent_color=&#8221;#274584&#8243;]<\/div><div class=\"ult-animation  ult-animate-viewport  ult-no-mobile \" data-animate=\"fadeInLeft\" data-animation-delay=\"0\" data-animation-duration=\"2\" data-animation-iteration=\"1\" style=\"opacity:0;\" data-opacity_start_effect=\"\">[vc_column_text]Den estimerte totale varigheten av kurset er 64 timer (inkludert ditt eget arbeid).<\/p>\n<p>Forberedelseskurset er designet for personer som ikke tidligere har hatt kontakt med norsk og ikke har grunnleggende utdannelse p\u00e5 morsm\u00e5let sitt. P\u00e5 dette kurset vil studentene f\u00e5 en grunnleggende forst\u00e5else av \u00e5 lese og skrive p\u00e5 norsk, samt forberedelse til neste trinn i studien, A1 Standardkurs.<\/p>\n<p>Introduksjonskurset er designet for \u00e5 gi et godt grunnlag for videre spr\u00e5koppl\u00e6ring.<br \/>\nDen fokuserer p\u00e5 talespr\u00e5ket, \u00e5 forst\u00e5 strukturene i det norske alfabetet, mestre grunnleggende ordforr\u00e5d og setningsstrukturer. Studenten l\u00e6rer seg ogs\u00e5 metodene og strategiene for \u00e5 hjelpe med \u00e5 l\u00e6re et nytt spr\u00e5k s\u00e5 effektivt som mulig.[\/vc_column_text]<\/div><div class=\"ult-animation  ult-animate-viewport  ult-no-mobile \" data-animate=\"fadeInLeft\" data-animation-delay=\"0\" data-animation-duration=\"2\" data-animation-iteration=\"1\" style=\"opacity:0;\" data-opacity_start_effect=\"\"><strong> V\u00e6r oppmerksom p\u00e5 at dette ikke er et vanlig kurs. Studentene b\u00f8r velge dette kurset kun hvis de: <\/strong><\/p>\n<ul class='dt-sc-fancy-list  blue  rounded-tick'>\n<li>har problemer med \u00e5 skrive og lese p\u00e5 morsm\u00e5let,<\/li>\n<li>er dyslektiske, s\u00e5 vil dette kurset gi dem en god start<\/li>\n<li>har ingen leseferdighet p\u00e5 sitt eget spr\u00e5k,<\/li>\n<li>kommer fra et land som ikke bruker det latinske alfabetet eller ikke kjenner det latinske alfabetet.<\/li>\n<\/ul>\n<p>Alfabetiseringskurs er mulig med l\u00e6rere som snakker f\u00f8lgende spr\u00e5k: engelsk, tysk, polsk, fransk og portugisisk.<\/p>\n<p>For ytterligere spr\u00e5kalternativer, vennligst kontakt oss.<div class=\"ult-spacer spacer-69dece0566e40\" data-id=\"69dece0566e40\" data-height=\"30\" data-height-mobile=\"30\" data-height-tab=\"30\" data-height-tab-portrait=\"\" data-height-mobile-landscape=\"\" style=\"clear:both;display:block;\"><\/div>[vc_text_separator title=&#8221;Grunnleggende m\u00e5l for kurset:&#8221; color=&#8221;custom&#8221; style=&#8221;double&#8221; border_width=&#8221;4&#8243; accent_color=&#8221;#274584&#8243;]<ul class='dt-sc-fancy-list  blue  rounded-tick'>\n<li>l\u00e6re \u00e5 bruke <strong> det norske alfabetet, <\/strong><\/li>\n<li>l\u00e6re \u00e5 gjenkjenne og uttale <strong> lyder som er typiske for det norske spr\u00e5ket <\/strong><\/li>\n<li>forst\u00e5 korte setninger relatert til familie og hverdag,<\/li>\n<li>forst\u00e5else og evne til \u00e5 danne enkle setninger,<\/li>\n<li>lage enkle sp\u00f8rsm\u00e5l p\u00e5 en forst\u00e5elig m\u00e5te<\/li>\n<li>muligheten til \u00e5 uttrykke dine egne livserfaringer veldig enkelt,<\/li>\n<li>utvikle teknikker for \u00e5 l\u00e6re et fremmed spr\u00e5k,<\/li>\n<li>skaffe deg de n\u00f8dvendige ferdighetene for \u00e5 kunne <strong> l\u00e6re norsk <\/strong> etter \u00e5 ha mestret de grunnleggende grammatikkreglene.<\/li>\n<\/ul><div class=\"ult-spacer spacer-69dece0566e90\" data-id=\"69dece0566e90\" data-height=\"50\" data-height-mobile=\"50\" data-height-tab=\"50\" data-height-tab-portrait=\"\" data-height-mobile-landscape=\"\" style=\"clear:both;display:block;\"><\/div><\/div>[\/vc_column][\/vc_row]<\/p>\n","protected":false},"excerpt":{"rendered":"<p>[vc_row][vc_column][vc_text_separator title=&#8221;Som en del av kurset tilbyr vi:&#8221; color=&#8221;custom&#8221; style=&#8221;double&#8221; border_width=&#8221;4&#8243; accent_color=&#8221;#274584&#8243;][\/vc_column][vc_column el_align=&#8221;center&#8221; width=&#8221;4\/12&#8243;][\/vc_column][vc_column width=&#8221;8\/12&#8243;][\/vc_column][vc_column][\/vc_column][\/vc_row]<\/p>\n","protected":false},"author":4,"featured_media":0,"parent":0,"menu_order":0,"comment_status":"closed","ping_status":"closed","template":"","meta":[],"_links":{"self":[{"href":"https:\/\/norint.eu\/no\/wp-json\/wp\/v2\/pages\/554"}],"collection":[{"href":"https:\/\/norint.eu\/no\/wp-json\/wp\/v2\/pages"}],"about":[{"href":"https:\/\/norint.eu\/no\/wp-json\/wp\/v2\/types\/page"}],"author":[{"embeddable":true,"href":"https:\/\/norint.eu\/no\/wp-json\/wp\/v2\/users\/4"}],"replies":[{"embeddable":true,"href":"https:\/\/norint.eu\/no\/wp-json\/wp\/v2\/comments?post=554"}],"version-history":[{"count":0,"href":"https:\/\/norint.eu\/no\/wp-json\/wp\/v2\/pages\/554\/revisions"}],"wp:attachment":[{"href":"https:\/\/norint.eu\/no\/wp-json\/wp\/v2\/media?parent=554"}],"curies":[{"name":"wp","href":"https:\/\/api.w.org\/{rel}","templated":true}]}}