{"id":556,"date":"2019-11-26T11:11:24","date_gmt":"2019-11-26T11:11:24","guid":{"rendered":"https:\/\/norint.eu\/wordpress\/?page_id=556"},"modified":"2019-11-26T11:11:24","modified_gmt":"2019-11-26T11:11:24","slug":"begynnerniva","status":"publish","type":"page","link":"https:\/\/norint.eu\/no\/begynnerniva\/","title":{"rendered":"A1 &#8211; Begynnerniv\u00e5"},"content":{"rendered":"<p>[vc_row][vc_column]<div class=\"ult-animation  ult-animate-viewport  ult-no-mobile \" data-animate=\"fadeInLeft\" data-animation-delay=\"0\" data-animation-duration=\"2\" data-animation-iteration=\"1\" style=\"opacity:0;\" data-opacity_start_effect=\"\"><div class='dt-sc-title script-with-sub-title '><h2>A1 - <strong>Begynnerniv\u00e5<\/strong><\/h2><h4><\/h4><\/div>[vc_text_separator title=&#8221;Som en del av kurset tilbyr vi:&#8221; color=&#8221;blue&#8221; style=&#8221;double&#8221; border_width=&#8221;4&#8243;]<\/div>[\/vc_column][vc_column width=&#8221;4\/12&#8243;]<div class=\"ult-animation  ult-animate-viewport  ult-no-mobile \" data-animate=\"fadeInLeft\" data-animation-delay=\"0\" data-animation-duration=\"2\" data-animation-iteration=\"1\" style=\"opacity:0;\" data-opacity_start_effect=\"\"><div class=\"ult-spacer spacer-69f02772cfb71\" data-id=\"69f02772cfb71\" data-height=\"25\" data-height-mobile=\"25\" data-height-tab=\"25\" data-height-tab-portrait=\"\" data-height-mobile-landscape=\"\" style=\"clear:both;display:block;\"><\/div>[vc_single_image image=&#8221;438&#8243; img_size=&#8221;full&#8221;]<a href='#' target='_self' title='(no title)' class='dt-sc-button vc_custom_1607439951818  small     partially-rounded filled sg-popup-id-1338' > Bestill N\u00e5 <\/a><\/div>[\/vc_column][vc_column width=&#8221;8\/12&#8243;]<div class=\"ult-animation  ult-animate-viewport  ult-no-mobile \" data-animate=\"fadeInLeft\" data-animation-delay=\"0\" data-animation-duration=\"2\" data-animation-iteration=\"1\" style=\"opacity:0;\" data-opacity_start_effect=\"\"><ul class='dt-sc-fancy-list  blue  rounded-tick'>\n<li><strong> 54 individuelle leksjoner (45 minutter) med l\u00e6rer, <\/strong><\/li>\n<li>permanent tilgang til utdanningsplattformen, niv\u00e5 A1,<\/li>\n<li>l\u00e6remateriell (tester, spill, digitale flashcards),<\/li>\n<li><strong> tilgang til &#8220;Ny og Norge&#8221; undervisningsmateriell og den siste versjonen av e-boken (digital) samt lydfiler. <\/strong><\/li>\n<\/ul>\n<p>&nbsp;<\/p>\n<p><strong> Den estimerte totale varigheten av kurset er 94 timer (inkludert egen arbeidstid). <\/strong><div class=\"ult-spacer spacer-69f02772cfccd\" data-id=\"69f02772cfccd\" data-height=\"25\" data-height-mobile=\"25\" data-height-tab=\"25\" data-height-tab-portrait=\"\" data-height-mobile-landscape=\"\" style=\"clear:both;display:block;\"><\/div><\/div>[\/vc_column][vc_column]<div class=\"ult-spacer spacer-69f02772cfce6\" data-id=\"69f02772cfce6\" data-height=\"35\" data-height-mobile=\"35\" data-height-tab=\"35\" data-height-tab-portrait=\"\" data-height-mobile-landscape=\"\" style=\"clear:both;display:block;\"><\/div><div class=\"ult-animation  ult-animate-viewport  ult-no-mobile \" data-animate=\"fadeInLeft\" data-animation-delay=\"0\" data-animation-duration=\"2\" data-animation-iteration=\"1\" style=\"opacity:0;\" data-opacity_start_effect=\"\">[vc_text_separator title=&#8221;Kursdetaljer:&#8221; color=&#8221;blue&#8221; style=&#8221;double&#8221; border_width=&#8221;4&#8243;][vc_column_text]Dette kurset er utarbeidet for studenter som begynner \u00e5 l\u00e6re norsk. Den er bygget p\u00e5 grunnlag av spr\u00e5koppl\u00e6ring og allmennkunnskapsprogrammet for voksne (&#8220;L\u00e6rerplan i norsk og samfunnskunnskap for voksne&#8221;) etablert av VOX (Norsk utdanningsbyr\u00e5 ved Utdanningsdepartementet). Dette kurset er det f\u00f8rste skrittet mot best\u00e5tt offisiell norskpr\u00f8ve: Norskpr\u00f8ve 2 (A2) og Norskpr\u00f8ve 3 (B1).<\/p>\n<p>Kurset p\u00e5 A1-niv\u00e5 inkluderer \u00e5 l\u00e6re og forst\u00e5 det norske alfabetet, lage grunnleggende setningsstrukturer, spr\u00e5klige uttrykk og enkle uttalelser om seg selv og sitt daglige milj\u00f8. Etter \u00e5 ha fullf\u00f8rt dette kurset, skal studenten kunne delta i rutinemessige intervjuer p\u00e5 inngangsniv\u00e5.<\/p>\n<p>Vi tilbyr A1 nybegynnerkurs med l\u00e6rere som snakker f\u00f8lgende spr\u00e5k: polsk, engelsk, tysk.<\/p>\n<p>For ytterligere spr\u00e5kalternativer, vennligst kontakt oss.[\/vc_column_text]<div class=\"ult-spacer spacer-69f02772cfd6d\" data-id=\"69f02772cfd6d\" data-height=\"10\" data-height-mobile=\"10\" data-height-tab=\"10\" data-height-tab-portrait=\"\" data-height-mobile-landscape=\"\" style=\"clear:both;display:block;\"><\/div><strong> Krav som skal oppfylles for \u00e5 delta p\u00e5 A1-kurset: <\/strong><\/p>\n<ul class='dt-sc-fancy-list  blue  rounded-tick'>\n<li>evne til \u00e5 lese og skrive flytende p\u00e5 morsm\u00e5let ditt,<\/li>\n<li>god kunnskap om det latinske alfabetet,<\/li>\n<li>det er ikke behov for \u00e5 ha kunnskaper i norsk.<\/li>\n<\/ul>\n<p>&nbsp;<\/p>\n<p>Hvis du ikke tilh\u00f8rer gruppen som oppfyller kravene ovenfor, vennligst se v\u00e5r; Introduksjonskurs &#8211; Alfabetiseringskurs.<div class=\"ult-spacer spacer-69f02772cfda5\" data-id=\"69f02772cfda5\" data-height=\"40\" data-height-mobile=\"40\" data-height-tab=\"40\" data-height-tab-portrait=\"\" data-height-mobile-landscape=\"\" style=\"clear:both;display:block;\"><\/div>[vc_text_separator title=&#8221;M\u00e5l for begynnerkurs:&#8221; color=&#8221;blue&#8221; style=&#8221;double&#8221; border_width=&#8221;4&#8243;]<ul class='dt-sc-fancy-list  blue  rounded-tick'>\n<li>l\u00e6re <strong> det norske alfabetet <\/strong>,<\/li>\n<li>l\u00e6re \u00e5 gjenkjenne og uttale <strong> lyder som er typiske for norsk <\/strong>,<\/li>\n<li>forst\u00e5 korte setninger som er relatert til familie og dagligliv<\/li>\n<li>forst\u00e5else og evne til \u00e5 lage enkle sp\u00f8rsm\u00e5l,<\/li>\n<li>muligheten til \u00e5 uttrykke dine egne livserfaringer veldig enkelt,<\/li>\n<li>forst\u00e5 uttalelser om enkle hverdagsaktiviteter,<\/li>\n<li>evne til \u00e5 gi kort og enkel informasjon om kjente emner,<\/li>\n<li>evne til \u00e5 ha en enkel samtale om deg selv, familie og hverdag,<\/li>\n<li>evne til \u00e5 lese korte, enkle tekster, tilpasset l\u00e6ringsniv\u00e5et,<\/li>\n<li>evnen til \u00e5 forst\u00e5 og levere personlige data,<\/li>\n<li>evne til \u00e5 komponere og sende enkle tekstmeldinger (SMS) p\u00e5 norsk.<\/li>\n<\/ul><div class=\"ult-spacer spacer-69f02772cfdd7\" data-id=\"69f02772cfdd7\" data-height=\"40\" data-height-mobile=\"40\" data-height-tab=\"40\" data-height-tab-portrait=\"\" data-height-mobile-landscape=\"\" style=\"clear:both;display:block;\"><\/div>[vc_text_separator title=&#8221;&#8221; color=&#8221;blue&#8221; style=&#8221;double&#8221; border_width=&#8221;4&#8243;][vc_column_text]Kurset p\u00e5 A1-niv\u00e5 fokuserer f\u00f8rst og fremst p\u00e5 \u00e5 mestre de grunnleggende kommunikasjonsferdighetene p\u00e5 norsk, p\u00e5 temaer knyttet til hverdag, familie, hjem og helse. De neste grunnleggende sp\u00f8rsm\u00e5lene gjelder bruk av transport, postkontor, butikker, skoler osv. P\u00e5 grunn av tidsbegrensninger introduserer dette kurset deg til de ovennevnte problemene p\u00e5 et veldig grunnleggende niv\u00e5. Men hvis studenten \u00f8nsker \u00e5 fokusere p\u00e5 et emne og utdype det n\u00e6rmere, er det mulig. Du b\u00f8r imidlertid informere l\u00e6reren din om et slikt individuelt behov i l\u00f8pet av de f\u00f8rste timene.[\/vc_column_text]<\/div>[\/vc_column][\/vc_row][vc_row][vc_column][\/vc_column][\/vc_row]<\/p>\n","protected":false},"excerpt":{"rendered":"<p>Kurs ten zosta\u0142 przygotowany z my\u015bl\u0105 o osobach, kt\u00f3re zaczynaj\u0105 uczy\u0107 si\u0119 j\u0119zyka norweskiego. <\/p>\n","protected":false},"author":4,"featured_media":0,"parent":0,"menu_order":0,"comment_status":"closed","ping_status":"closed","template":"","meta":[],"_links":{"self":[{"href":"https:\/\/norint.eu\/no\/wp-json\/wp\/v2\/pages\/556"}],"collection":[{"href":"https:\/\/norint.eu\/no\/wp-json\/wp\/v2\/pages"}],"about":[{"href":"https:\/\/norint.eu\/no\/wp-json\/wp\/v2\/types\/page"}],"author":[{"embeddable":true,"href":"https:\/\/norint.eu\/no\/wp-json\/wp\/v2\/users\/4"}],"replies":[{"embeddable":true,"href":"https:\/\/norint.eu\/no\/wp-json\/wp\/v2\/comments?post=556"}],"version-history":[{"count":0,"href":"https:\/\/norint.eu\/no\/wp-json\/wp\/v2\/pages\/556\/revisions"}],"wp:attachment":[{"href":"https:\/\/norint.eu\/no\/wp-json\/wp\/v2\/media?parent=556"}],"curies":[{"name":"wp","href":"https:\/\/api.w.org\/{rel}","templated":true}]}}