{"id":558,"date":"2019-11-26T11:11:39","date_gmt":"2019-11-26T11:11:39","guid":{"rendered":"https:\/\/norint.eu\/wordpress\/?page_id=558"},"modified":"2019-11-26T11:11:39","modified_gmt":"2019-11-26T11:11:39","slug":"elementaert-niva","status":"publish","type":"page","link":"https:\/\/norint.eu\/no\/elementaert-niva\/","title":{"rendered":"A2 &#8211; element\u00e6rt niv\u00e5:"},"content":{"rendered":"<p>[vc_row][vc_column]<div class=\"ult-animation  ult-animate-viewport  ult-no-mobile \" data-animate=\"fadeInLeft\" data-animation-delay=\"0\" data-animation-duration=\"2\" data-animation-iteration=\"1\" style=\"opacity:0;\" data-opacity_start_effect=\"\"><div class='dt-sc-title script-with-sub-title '><h2>A2 - <strong>element\u00e6rt niv\u00e5:<\/strong><\/h2><h3><\/h3><\/div>[vc_text_separator title=&#8221;Som en del av kurset tilbyr vi:&#8221; color=&#8221;blue&#8221; style=&#8221;double&#8221; border_width=&#8221;4&#8243;]<\/div>[\/vc_column][vc_column width=&#8221;4\/12&#8243;]<div class=\"ult-animation  ult-animate-viewport  ult-no-mobile \" data-animate=\"fadeInLeft\" data-animation-delay=\"0\" data-animation-duration=\"2\" data-animation-iteration=\"1\" style=\"opacity:0;\" data-opacity_start_effect=\"\"><div class=\"ult-spacer spacer-69dece04ea9c1\" data-id=\"69dece04ea9c1\" data-height=\"25\" data-height-mobile=\"25\" data-height-tab=\"25\" data-height-tab-portrait=\"\" data-height-mobile-landscape=\"\" style=\"clear:both;display:block;\"><\/div>[vc_single_image image=&#8221;786&#8243; img_size=&#8221;large&#8221;]<a href='#' target='_self' title='' class='dt-sc-button vc_custom_1607441094185  small     partially-rounded filled sg-popup-id-1338' > Bestill N\u00e5 <\/a><div class=\"ult-spacer spacer-69dece04eaa04\" data-id=\"69dece04eaa04\" data-height=\"25\" data-height-mobile=\"25\" data-height-tab=\"25\" data-height-tab-portrait=\"\" data-height-mobile-landscape=\"\" style=\"clear:both;display:block;\"><\/div><\/div>[\/vc_column][vc_column width=&#8221;8\/12&#8243;]<div class=\"ult-animation  ult-animate-viewport  ult-no-mobile \" data-animate=\"fadeInLeft\" data-animation-delay=\"0\" data-animation-duration=\"2\" data-animation-iteration=\"1\" style=\"opacity:0;\" data-opacity_start_effect=\"\"><div class=\"ult-spacer spacer-69dece04eaab2\" data-id=\"69dece04eaab2\" data-height=\"25\" data-height-mobile=\"25\" data-height-tab=\"25\" data-height-tab-portrait=\"\" data-height-mobile-landscape=\"\" style=\"clear:both;display:block;\"><\/div><ul class='dt-sc-fancy-list  blue  rounded-tick'>\n<li><strong> 54 individuelle (45 minutter) live-leksjoner med l\u00e6rer online, <\/strong><\/li>\n<li>permanent tilgang til utdanningsplattformen, A2-niv\u00e5,<\/li>\n<li>l\u00e6remateriell (tester, spill, digitale flashcards),<\/li>\n<li><strong> tilgang til undervisningsmateriell &#8220;Ny og Norge&#8221; og den siste versjonen av e-boken (digital l\u00e6rebok), samt lydfiler, <\/strong><\/li>\n<\/ul><\/div>[\/vc_column][vc_column]<div class=\"ult-animation  ult-animate-viewport  ult-no-mobile \" data-animate=\"fadeInLeft\" data-animation-delay=\"0\" data-animation-duration=\"2\" data-animation-iteration=\"1\" style=\"opacity:0;\" data-opacity_start_effect=\"\">[vc_text_separator title=&#8221;Kursdetaljer:&#8221; color=&#8221;blue&#8221; style=&#8221;double&#8221; border_width=&#8221;4&#8243;][vc_column_text]Kurset <strong> A2 <\/strong> er utarbeidet for personer som har fullf\u00f8rt <strong> kurset for nybegynnere A1 <\/strong>. F\u00f8r du melder deg p\u00e5 kurset, blir alle studentene bedt om \u00e5 gjennomf\u00f8re en <strong> spr\u00e5kkunnskapspr\u00f8ve <\/strong>. Resultatene vil bli brukt av l\u00e6reren som en veiledning i individuell studentveiledningen. Det lavere mellomniv\u00e5kurset ble opprettet som en fortsettelse av A1-kurset, ogs\u00e5 basert p\u00e5 <strong> Norsk spr\u00e5koppl\u00e6ringsprogram og generell sosial kunnskap for voksne <\/strong> (\u201cL\u00e6rerplan i norsk og samfunnskunnskap for voksne\u201d) etablert av VOX (Norsk utdanningsetat ved Kunnskapsdepartementet).<\/p>\n<p>Kurset p\u00e5 A2-niv\u00e5 fokuserer studentens oppmerksomhet p\u00e5 \u00e5 konsolidere og utvide tidligere tilegnet kunnskap. Det inkluderer l\u00e6ring av setningsstrukturer, grunnleggende hverdagsuttrykk samt <strong> l\u00e6ring om \u00e5 lese, skrive og bruke norsk i praksis <\/strong>. I tillegg blir studenten bedre kjent med sosiale skikker og livsstil i Norge. Etter \u00e5 ha fullf\u00f8rt dette kurset, b\u00f8r du kunne delta i rutinemessige intervjuer p\u00e5 mellomniv\u00e5. Dette kurset forbereder deg p\u00e5 den offisielle Norskpr\u00f8ve 2-eksamen.<\/p>\n<p>Varigheten p[ kurset (54 timer) gitt nedenfor dekker antall leksjoner i l\u00f8pet av kurset, men \u00e5 mestre hele materialet p\u00e5 niv\u00e5 A2 kan kreve mer tid. Det er en individuell sak.<\/p>\n<p><strong> Den estimerte totale varigheten av kurset er 124 timer (inkludert egen arbeidstid). <\/strong><\/p>\n<p>A2 videreg\u00e5ende kurs er tilgjengelig med l\u00e6rere som snakker f\u00f8lgende spr\u00e5k: polsk, engelsk, tysk og fransk.<\/p>\n<p>For flere spr\u00e5kalternativer, vennligst kontakt oss.[\/vc_column_text]<div class=\"ult-spacer spacer-69dece04eab8e\" data-id=\"69dece04eab8e\" data-height=\"25\" data-height-mobile=\"25\" data-height-tab=\"25\" data-height-tab-portrait=\"\" data-height-mobile-landscape=\"\" style=\"clear:both;display:block;\"><\/div><strong> Krav som skal oppfylles for \u00e5 delta i A2-kurset: <\/strong><\/p>\n<ul class='dt-sc-fancy-list  blue  rounded-tick'>\n<li>gjennomf\u00f8ring av norskkurs p\u00e5 A1-niv\u00e5,<\/li>\n<li>tilegne seg kunnskap om norsk p\u00e5 niv\u00e5 A1.<\/li>\n<\/ul><div class=\"ult-spacer spacer-69dece04eabc4\" data-id=\"69dece04eabc4\" data-height=\"35\" data-height-mobile=\"35\" data-height-tab=\"35\" data-height-tab-portrait=\"\" data-height-mobile-landscape=\"\" style=\"clear:both;display:block;\"><\/div>[vc_text_separator title=&#8221;Kursm\u00e5l p\u00e5 element\u00e6rt niv\u00e5:&#8221; color=&#8221;blue&#8221; style=&#8221;double&#8221; border_width=&#8221;4&#8243;]<ul class='dt-sc-fancy-list  blue  rounded-tick'>\n<li>evne til \u00e5 bruke et mer avansert spr\u00e5k,<\/li>\n<li>forst\u00e5 vanlige uttrykk,<\/li>\n<li>for \u00e5 forst\u00e5 noen av hovedtemaene i nyhetene,<\/li>\n<li>muligheten til \u00e5 uttrykke sine preferanser og delta i direkte informasjonsutveksling,<\/li>\n<li>evnen til \u00e5 delta i en samtale som inneb\u00e6rer \u00e5 uttrykke f\u00f8lelser, reaksjoner og tanker,<\/li>\n<li>studenten skal kunne uttrykke om han eller hun er enig i noe,<\/li>\n<li>studenten skal kunne lese enkle tekster, plakater og presseartikler.<\/li>\n<\/ul>\n<p>&nbsp;<\/p>\n<p>P\u00e5 dette niv\u00e5et skal studentene kunne forst\u00e5 enkel hverdagstale og uttrykke seg om emner relatert til deres daglige liv. De skal ogs\u00e5 kunne delta i samtaler om allment kjente temaer der informasjon utveksles direkte.<div class=\"ult-spacer spacer-69dece04eabf0\" data-id=\"69dece04eabf0\" data-height=\"25\" data-height-mobile=\"25\" data-height-tab=\"25\" data-height-tab-portrait=\"\" data-height-mobile-landscape=\"\" style=\"clear:both;display:block;\"><\/div><\/div>[\/vc_column][\/vc_row][vc_row][vc_column][\/vc_column][\/vc_row]<\/p>\n","protected":false},"excerpt":{"rendered":"<p>[vc_row][vc_column][\/vc_column][vc_column width=&#8221;4\/12&#8243;][\/vc_column][vc_column width=&#8221;8\/12&#8243;][\/vc_column][vc_column][\/vc_column][\/vc_row][vc_row][vc_column][\/vc_column][\/vc_row]<\/p>\n","protected":false},"author":4,"featured_media":0,"parent":0,"menu_order":0,"comment_status":"closed","ping_status":"closed","template":"","meta":[],"_links":{"self":[{"href":"https:\/\/norint.eu\/no\/wp-json\/wp\/v2\/pages\/558"}],"collection":[{"href":"https:\/\/norint.eu\/no\/wp-json\/wp\/v2\/pages"}],"about":[{"href":"https:\/\/norint.eu\/no\/wp-json\/wp\/v2\/types\/page"}],"author":[{"embeddable":true,"href":"https:\/\/norint.eu\/no\/wp-json\/wp\/v2\/users\/4"}],"replies":[{"embeddable":true,"href":"https:\/\/norint.eu\/no\/wp-json\/wp\/v2\/comments?post=558"}],"version-history":[{"count":0,"href":"https:\/\/norint.eu\/no\/wp-json\/wp\/v2\/pages\/558\/revisions"}],"wp:attachment":[{"href":"https:\/\/norint.eu\/no\/wp-json\/wp\/v2\/media?parent=558"}],"curies":[{"name":"wp","href":"https:\/\/api.w.org\/{rel}","templated":true}]}}