{"id":560,"date":"2019-11-26T11:11:48","date_gmt":"2019-11-26T11:11:48","guid":{"rendered":"https:\/\/norint.eu\/wordpress\/?page_id=560"},"modified":"2019-11-26T11:11:48","modified_gmt":"2019-11-26T11:11:48","slug":"kurs-b1","status":"publish","type":"page","link":"https:\/\/norint.eu\/no\/kurs-b1\/","title":{"rendered":"B1 &#8211; intermediate level"},"content":{"rendered":"<p>[vc_row][vc_column]<div class=\"ult-animation  ult-animate-viewport  ult-no-mobile \" data-animate=\"fadeInLeft\" data-animation-delay=\"0\" data-animation-duration=\"2\" data-animation-iteration=\"1\" style=\"opacity:0;\" data-opacity_start_effect=\"\"><div class='dt-sc-title script-with-sub-title '><h2>B1 - <strong> mellomniv\u00e5 <\/strong><\/h2><h3><\/h3><\/div>[vc_text_separator title=&#8221;Som en del av kurset tilbyr vi:&#8221; color=&#8221;blue&#8221; style=&#8221;double&#8221; border_width=&#8221;4&#8243;]<\/div>[\/vc_column][vc_column width=&#8221;4\/12&#8243;]<div class=\"ult-animation  ult-animate-viewport  ult-no-mobile \" data-animate=\"fadeInLeft\" data-animation-delay=\"0\" data-animation-duration=\"2\" data-animation-iteration=\"1\" style=\"opacity:0;\" data-opacity_start_effect=\"\"><div class=\"ult-spacer spacer-69e7717bed337\" data-id=\"69e7717bed337\" data-height=\"20\" data-height-mobile=\"20\" data-height-tab=\"20\" data-height-tab-portrait=\"\" data-height-mobile-landscape=\"\" style=\"clear:both;display:block;\"><\/div>[vc_single_image image=&#8221;438&#8243; img_size=&#8221;large&#8221;]<a href='#' target='_self' title='' class='dt-sc-button vc_custom_1607683064769  small     partially-rounded filled sg-popup-id-1338' > Bestill n\u00e5 <\/a><div class=\"ult-spacer spacer-69e7717bed363\" data-id=\"69e7717bed363\" data-height=\"10\" data-height-mobile=\"10\" data-height-tab=\"10\" data-height-tab-portrait=\"\" data-height-mobile-landscape=\"\" style=\"clear:both;display:block;\"><\/div><\/div>[\/vc_column][vc_column width=&#8221;8\/12&#8243;]<div class=\"ult-animation  ult-animate-viewport  ult-no-mobile \" data-animate=\"fadeInLeft\" data-animation-delay=\"0\" data-animation-duration=\"2\" data-animation-iteration=\"1\" style=\"opacity:0;\" data-opacity_start_effect=\"\"><ul class='dt-sc-fancy-list  blue  rounded-tick'>\n<li><strong> 54 individuelle leksjoner (45 minutter) med l\u00e6rer online, <\/strong><\/li>\n<li><strong> tilgang til \u201cMer Norsk\u201d undervisningsmateriell og e-bok (digital l\u00e6rebok), <\/strong><\/li>\n<li>permanent tilgang til utdanningsplattformen, niv\u00e5 B1,<\/li>\n<li>pedagogisk materiale (tester, spill, digitale flashcards).<\/li>\n<\/ul><\/div>[\/vc_column][vc_column]<div class=\"ult-spacer spacer-69e7717bed44b\" data-id=\"69e7717bed44b\" data-height=\"30\" data-height-mobile=\"30\" data-height-tab=\"30\" data-height-tab-portrait=\"\" data-height-mobile-landscape=\"\" style=\"clear:both;display:block;\"><\/div>[vc_text_separator title=&#8221;Kursdetaljer:&#8221; color=&#8221;blue&#8221; style=&#8221;double&#8221; border_width=&#8221;4&#8243;]<div class=\"ult-animation  ult-animate-viewport  ult-no-mobile \" data-animate=\"fadeInLeft\" data-animation-delay=\"0\" data-animation-duration=\"2\" data-animation-iteration=\"1\" style=\"opacity:0;\" data-opacity_start_effect=\"\">[vc_column_text]Kurset <strong> B1 <\/strong> er utarbeidet for personer som har fullf\u00f8rt <strong> Norskkurset <\/strong> p\u00e5 lavere mellomniv\u00e5 A2-niv\u00e5. F\u00f8r studenten melder seg p\u00e5 kurset, blir hver student bedt om \u00e5 gjennomf\u00f8re en <strong> spr\u00e5kkunnskapspr\u00f8ve <\/strong>. Resultatene fungerer som en veiledning for l\u00e6reren i individuell studentveiledning. For mer n\u00f8yaktig \u00e5 bestemme niv\u00e5et p\u00e5 studentens kunnskap, kan det v\u00e6re n\u00f8dvendig \u00e5 intervjue studenten.<\/p>\n<p>B1-niv\u00e5kurset ble opprettet som en fortsettelse av A2-kurset, ogs\u00e5 basert p\u00e5 norskoppl\u00e6ringsprogrammet og generell sosial kunnskap for voksne (L\u00e6rerplan og norsk og samfunnskunnskap for voksne) etablert av VOX (Norsk etat for utdanning ved departementet for Utdanning).<\/p>\n<p>Kurset p\u00e5 mellomniv\u00e5 fokuserer studentens oppmerksomhet p\u00e5 \u00e5 konsolidere og utvide den tidligere tilegnede kunnskapen. Det inkluderer studiet av setningsstrukturer, de stadig mer komplekse uttrykkene i hverdagen, samt <strong> l\u00e6re \u00e5 lese, skrive og bruke norsk i praksis <\/strong>. I tillegg blir studenten kjent med bedre sosiale skikker og livsstil i Norge. Etter fullf\u00f8rt kurs skal studenten kunne delta i rutinemessige intervjuer p\u00e5 mellomniv\u00e5. Det er ogs\u00e5 grunnlaget for forberedelse til den offisielle <strong> Norskpr\u00f8ve 3 <\/strong> -eksamen.<\/p>\n<p>Varigheten av kurset (54 timer) oppf\u00f8rt nedenfor dekker antall leksjoner per kurs, men \u00e5 mestre hele materialet p\u00e5 niv\u00e5 B1 kan kreve mer tid. Det er en individuell sak.<\/p>\n<p><strong> Den estimerte totale varigheten av kurset er 144 timer (inkludert egen arbeidstid). <\/strong><\/p>\n<p>Videreg\u00e5ende B1-kurs er tilgjengelig med l\u00e6rere som snakker f\u00f8lgende spr\u00e5k: polsk, engelsk.<\/p>\n<p>For ytterligere spr\u00e5kalternativer, vennligst kontakt oss.[\/vc_column_text]<div class=\"ult-spacer spacer-69e7717bed513\" data-id=\"69e7717bed513\" data-height=\"20\" data-height-mobile=\"20\" data-height-tab=\"20\" data-height-tab-portrait=\"\" data-height-mobile-landscape=\"\" style=\"clear:both;display:block;\"><\/div><strong> Krav som skal oppfylles for \u00e5 delta p\u00e5 B1-kurset: <\/strong><\/p>\n<p><\/p>\n<ul class='dt-sc-fancy-list  blue  rounded-tick'>\n<li>gjennomf\u00f8ring av norskkurset p\u00e5 A2-niv\u00e5,<\/li>\n<li>tilegne seg norskkunnskaper tilsvarende A2-niv\u00e5et.<\/li>\n<\/ul><div class=\"ult-spacer spacer-69e7717bed54e\" data-id=\"69e7717bed54e\" data-height=\"40\" data-height-mobile=\"40\" data-height-tab=\"40\" data-height-tab-portrait=\"\" data-height-mobile-landscape=\"\" style=\"clear:both;display:block;\"><\/div>[vc_text_separator title=&#8221;Kursm\u00e5l p\u00e5 mellomniv\u00e5:&#8221; color=&#8221;blue&#8221; style=&#8221;double&#8221; border_width=&#8221;4&#8243;]<ul class='dt-sc-fancy-list  blue  rounded-tick'>\n<li>studentens evne til \u00e5 forst\u00e5 tydelig kommuniserte meldinger om forhold som er kjent for ham eller henne hjemme, p\u00e5 jobben, p\u00e5 skolen osv.<\/li>\n<li>tilegne seg et ordforr\u00e5d som er rikt nok til \u00e5 kunne h\u00e5ndtere temaer i hverdagen<\/li>\n<li>\u00e5 kunne uttale de fleste norske ord tydelig og forst\u00e5elig,<\/li>\n<li>bedre og bedre evne til \u00e5 f\u00f8re en flytende samtale, avbrutt imidlertid ved \u00e5 s\u00f8ke etter de riktige ordene og grammatiske strukturene,<\/li>\n<li>evnen til \u00e5 bruke de mest brukte grammatiske m\u00f8nstrene som har blitt praktisert gjentatte ganger riktig (studenten skal mestre evnen til \u00e5 bruke adverb av tid, bestemte og ubestemte prefiks for \u00e5 n\u00f8yaktig konstruere en ytring),<\/li>\n<li>muligheten til \u00e5 uttrykke sine preferanser og utveksle informasjon direkte.<\/li>\n<\/ul><div class=\"ult-spacer spacer-69e7717bed57b\" data-id=\"69e7717bed57b\" data-height=\"50\" data-height-mobile=\"50\" data-height-tab=\"50\" data-height-tab-portrait=\"\" data-height-mobile-landscape=\"\" style=\"clear:both;display:block;\"><\/div><\/div>[\/vc_column][\/vc_row][vc_row][vc_column][vc_column_text][\/vc_column_text][\/vc_column][\/vc_row]<\/p>\n","protected":false},"excerpt":{"rendered":"<p>[vc_row][vc_column][\/vc_column][vc_column width=&#8221;4\/12&#8243;][\/vc_column][vc_column width=&#8221;8\/12&#8243;][\/vc_column][vc_column][vc_text_separator title=&#8221;Kursdetaljer:&#8221; color=&#8221;blue&#8221; style=&#8221;double&#8221; border_width=&#8221;4&#8243;][\/vc_column][\/vc_row][vc_row][vc_column][vc_column_text][\/vc_column_text][\/vc_column][\/vc_row]<\/p>\n","protected":false},"author":4,"featured_media":0,"parent":0,"menu_order":0,"comment_status":"closed","ping_status":"closed","template":"","meta":[],"_links":{"self":[{"href":"https:\/\/norint.eu\/no\/wp-json\/wp\/v2\/pages\/560"}],"collection":[{"href":"https:\/\/norint.eu\/no\/wp-json\/wp\/v2\/pages"}],"about":[{"href":"https:\/\/norint.eu\/no\/wp-json\/wp\/v2\/types\/page"}],"author":[{"embeddable":true,"href":"https:\/\/norint.eu\/no\/wp-json\/wp\/v2\/users\/4"}],"replies":[{"embeddable":true,"href":"https:\/\/norint.eu\/no\/wp-json\/wp\/v2\/comments?post=560"}],"version-history":[{"count":0,"href":"https:\/\/norint.eu\/no\/wp-json\/wp\/v2\/pages\/560\/revisions"}],"wp:attachment":[{"href":"https:\/\/norint.eu\/no\/wp-json\/wp\/v2\/media?parent=560"}],"curies":[{"name":"wp","href":"https:\/\/api.w.org\/{rel}","templated":true}]}}