{"id":562,"date":"2019-11-26T11:11:59","date_gmt":"2019-11-26T11:11:59","guid":{"rendered":"https:\/\/norint.eu\/wordpress\/?page_id=562"},"modified":"2019-11-26T11:11:59","modified_gmt":"2019-11-26T11:11:59","slug":"kurs-b2","status":"publish","type":"page","link":"https:\/\/norint.eu\/no\/kurs-b2\/","title":{"rendered":"B2 &#8211; advanced level"},"content":{"rendered":"<p>[vc_row][vc_column]<div class=\"ult-animation  ult-animate-viewport  ult-no-mobile \" data-animate=\"fadeInLeft\" data-animation-delay=\"0\" data-animation-duration=\"2\" data-animation-iteration=\"1\" style=\"opacity:0;\" data-opacity_start_effect=\"\"><div class='dt-sc-title script-with-sub-title '><h2>B2 - <strong> avansert niv\u00e5 <\/strong><\/h2><h3><\/h3><\/div>[vc_column_text]B2-kurset v\u00e5rt er et multimedia, interaktivt online norskkurs basert p\u00e5 l\u00e6reb\u00f8kene &#8220;Klart det!&#8221;, &#8220;Det g\u00e5r bra!&#8221; og &#8220;Norsk til kontorbruk&#8221;. Kurset er designet for alle som \u00f8nsker \u00e5 l\u00e6re norsk p\u00e5 avansert niv\u00e5 &#8211; spesielt hvis de planlegger \u00e5 ta Bergenstest-eksamen. Ved \u00e5 bruke et virtuelt klasserom kan l\u00e6reren gjennomf\u00f8re klasser i sanntid. Alle leksjonene er skreddersydd for hver elevs individuelle behov og tempo.[\/vc_column_text][vc_text_separator title=&#8221;As part of the course we provide:&#8221; color=&#8221;blue&#8221; style=&#8221;double&#8221; border_width=&#8221;4&#8243;]<\/div>[\/vc_column][vc_column width=&#8221;1\/4&#8243;]<div class=\"ult-animation  ult-animate-viewport  ult-no-mobile \" data-animate=\"fadeInLeft\" data-animation-delay=\"0\" data-animation-duration=\"2\" data-animation-iteration=\"1\" style=\"opacity:0;\" data-opacity_start_effect=\"\"><div class=\"ult-spacer spacer-69f02772cce55\" data-id=\"69f02772cce55\" data-height=\"50\" data-height-mobile=\"50\" data-height-tab=\"50\" data-height-tab-portrait=\"\" data-height-mobile-landscape=\"\" style=\"clear:both;display:block;\"><\/div>[vc_single_image image=&#8221;786&#8243; img_size=&#8221;large&#8221;]<div class=\"ult-spacer spacer-69f02772cce73\" data-id=\"69f02772cce73\" data-height=\"50\" data-height-mobile=\"50\" data-height-tab=\"50\" data-height-tab-portrait=\"\" data-height-mobile-landscape=\"\" style=\"clear:both;display:block;\"><\/div><a href='#' target='_self' title='' class='dt-sc-button   small     partially-rounded filled sg-popup-id-1338' > Bestill n\u00e5 <\/a><\/div>[\/vc_column][vc_column width=&#8221;3\/4&#8243;]<div class=\"ult-animation  ult-animate-viewport  ult-no-mobile \" data-animate=\"fadeInLeft\" data-animation-delay=\"0\" data-animation-duration=\"2\" data-animation-iteration=\"1\" style=\"opacity:0;\" data-opacity_start_effect=\"\"><ul class='dt-sc-fancy-list  blue  rounded-tick'>\n<li> <strong> 10 individuelle leksjoner (45 minutter) med l\u00e6rer online, <\/strong> <\/li>\n<li> permanent tilgang til utdanningsplattformen, B2-niv\u00e5, <\/li>\n<li> pedagogisk materiale (tester, \u00f8velser, lenker til interessante nettsteder), <\/li>\n<li> <strong> tilgang til undervisningsmateriell \u201cKlart det!\u201d, <\/strong> <\/li>\n<li> kursavslutningsbevis p\u00e5 norsk. <\/li>\n<\/ul><\/div>[\/vc_column][vc_column]<div class=\"ult-animation  ult-animate-viewport  ult-no-mobile \" data-animate=\"fadeInLeft\" data-animation-delay=\"0\" data-animation-duration=\"2\" data-animation-iteration=\"1\" style=\"opacity:0;\" data-opacity_start_effect=\"\"><div class=\"ult-spacer spacer-69f02772cd162\" data-id=\"69f02772cd162\" data-height=\"50\" data-height-mobile=\"50\" data-height-tab=\"50\" data-height-tab-portrait=\"\" data-height-mobile-landscape=\"\" style=\"clear:both;display:block;\"><\/div><\/div>[\/vc_column][\/vc_row][vc_row][vc_column][\/vc_column][\/vc_row]<\/p>\n","protected":false},"excerpt":{"rendered":"<p>[vc_row][vc_column][\/vc_column][vc_column width=&#8221;1\/4&#8243;][\/vc_column][vc_column width=&#8221;3\/4&#8243;][\/vc_column][vc_column][\/vc_column][\/vc_row][vc_row][vc_column][\/vc_column][\/vc_row]<\/p>\n","protected":false},"author":4,"featured_media":0,"parent":0,"menu_order":0,"comment_status":"closed","ping_status":"closed","template":"","meta":[],"_links":{"self":[{"href":"https:\/\/norint.eu\/no\/wp-json\/wp\/v2\/pages\/562"}],"collection":[{"href":"https:\/\/norint.eu\/no\/wp-json\/wp\/v2\/pages"}],"about":[{"href":"https:\/\/norint.eu\/no\/wp-json\/wp\/v2\/types\/page"}],"author":[{"embeddable":true,"href":"https:\/\/norint.eu\/no\/wp-json\/wp\/v2\/users\/4"}],"replies":[{"embeddable":true,"href":"https:\/\/norint.eu\/no\/wp-json\/wp\/v2\/comments?post=562"}],"version-history":[{"count":0,"href":"https:\/\/norint.eu\/no\/wp-json\/wp\/v2\/pages\/562\/revisions"}],"wp:attachment":[{"href":"https:\/\/norint.eu\/no\/wp-json\/wp\/v2\/media?parent=562"}],"curies":[{"name":"wp","href":"https:\/\/api.w.org\/{rel}","templated":true}]}}