{"id":570,"date":"2019-11-26T11:14:48","date_gmt":"2019-11-26T11:14:48","guid":{"rendered":"https:\/\/norint.eu\/wordpress\/?page_id=570"},"modified":"2022-01-17T11:50:56","modified_gmt":"2022-01-17T11:50:56","slug":"individuelle-leksjoner","status":"publish","type":"page","link":"https:\/\/norint.eu\/no\/individuelle-leksjoner\/","title":{"rendered":"individuelle leksjoner"},"content":{"rendered":"<p>[vc_row][vc_column][vc_row_inner][vc_column_inner]<div class=\"ult-animation  ult-animate-viewport  ult-no-mobile \" data-animate=\"fadeInLeft\" data-animation-delay=\"0\" data-animation-duration=\"2\" data-animation-iteration=\"1\" style=\"opacity:0;\" data-opacity_start_effect=\"\"><div class='dt-sc-title script-with-sub-title '><h2>individuelle <strong> leksjoner <\/strong><\/h2><h3><\/h3><\/div><\/div>[vc_text_separator title=&#8221;Kursmuligheter:&#8221; color=&#8221;blue&#8221; style=&#8221;double&#8221; border_width=&#8221;4&#8243;][\/vc_column_inner][vc_column_inner el_align=&#8221;center&#8221; width=&#8221;4\/12&#8243;]<div class=\"ult-animation  ult-animate-viewport  ult-no-mobile \" data-animate=\"fadeInLeft\" data-animation-delay=\"0\" data-animation-duration=\"2\" data-animation-iteration=\"1\" style=\"opacity:0;\" data-opacity_start_effect=\"\"><div class=\"ult-spacer spacer-69e7717bbf9d4\" data-id=\"69e7717bbf9d4\" data-height=\"50\" data-height-mobile=\"50\" data-height-tab=\"50\" data-height-tab-portrait=\"\" data-height-mobile-landscape=\"\" style=\"clear:both;display:block;\"><\/div>[vc_single_image image=&#8221;440&#8243; img_size=&#8221;full&#8221;]<div class=\"ult-spacer spacer-69e7717bbf9e3\" data-id=\"69e7717bbf9e3\" data-height=\"\" data-height-mobile=\"\" data-height-tab=\"\" data-height-tab-portrait=\"\" data-height-mobile-landscape=\"\" style=\"clear:both;display:block;\"><\/div><\/div>[\/vc_column_inner][vc_column_inner width=&#8221;8\/12&#8243;]<div class=\"ult-animation  ult-animate-viewport  ult-no-mobile \" data-animate=\"fadeInRight\" data-animation-delay=\"0\" data-animation-duration=\"2\" data-animation-iteration=\"1\" style=\"opacity:0;\" data-opacity_start_effect=\"\"><ul class='dt-sc-fancy-list  blue  rounded-tick'>\n<li>Individuelle norsktimer er ment for personer som verdsetter en individuell l\u00e6ringsprosess<\/li>\n<li>deres niv\u00e5 og frekvens er tilpasset studentenes personlige behov og evner<\/li>\n<li>det er mulig \u00e5 justere omfanget av det l\u00e6rte materialet til studentens interesser og behov, f.eks. l\u00e6re et profesjonelt spr\u00e5k (medisinsk, konstruksjon, osv.)<\/li>\n<li>l\u00e6rerens oppmerksomhet er 100% rettet mot eleven, som dermed mestrer de materialet raskere og mer selvsikkert<\/li>\n<li>slike leksjon lar deg ogs\u00e5 lage en fleksibel timeplan, etter \u00e5 ha satt datoen for den f\u00f8rste leksjonen, bestemmer studenten i samr\u00e5d med l\u00e6reren datoene for de neste m\u00f8tene<\/li>\n<\/ul><\/div>[\/vc_column_inner][\/vc_row_inner]<div class=\"ult-animation  ult-animate-viewport  ult-no-mobile \" data-animate=\"fadeInRight\" data-animation-delay=\"0\" data-animation-duration=\"2\" data-animation-iteration=\"1\" style=\"opacity:0;\" data-opacity_start_effect=\"\"><div class=\"ult-spacer spacer-69e7717bbfb1a\" data-id=\"69e7717bbfb1a\" data-height=\"20\" data-height-mobile=\"20\" data-height-tab=\"20\" data-height-tab-portrait=\"\" data-height-mobile-landscape=\"\" style=\"clear:both;display:block;\"><\/div>[vc_text_separator title=&#8221;Priser:&#8221; color=&#8221;blue&#8221; style=&#8221;double&#8221; border_width=&#8221;4&#8243;][vc_wp_text]<\/p>\n<figure class=\"wp-block-table\">\n<table>\n<tbody>\n<tr>\n<td><\/td>\n<td>Polsk l\u00e6rer<\/td>\n<td>Norskl\u00e6rer<\/td>\n<\/tr>\n<tr>\n<td>1 leksjon (45 minutter)<\/td>\n<td>PLN95<\/td>\n<td>105 PLN<\/td>\n<\/tr>\n<tr>\n<td>pakke med 10 leksjoner<\/td>\n<td>PLN 900<\/td>\n<td>1000 PLN<\/td>\n<\/tr>\n<tr>\n<td>20 leksjonspakker<\/td>\n<td>PLN 1700<\/td>\n<td>PLN 1900<\/td>\n<\/tr>\n<tr>\n<td>Kurs 54 leksjoner<\/td>\n<td>PLN 4320<\/td>\n<td>PLN 4860<\/td>\n<\/tr>\n<\/tbody>\n<\/table>\n<\/figure>\n<p>[\/vc_wp_text]<\/div>[\/vc_column][\/vc_row][vc_row][vc_column]<div class=\"ult-animation  ult-animate-viewport  ult-no-mobile \" data-animate=\"fadeInUp\" data-animation-delay=\"0\" data-animation-duration=\"2\" data-animation-iteration=\"1\" style=\"opacity:0;\" data-opacity_start_effect=\"\">[vc_text_separator title=&#8221;Prisen inkluderer:&#8221; color=&#8221;blue&#8221; style=&#8221;double&#8221; border_width=&#8221;4&#8243;]<ul class='dt-sc-fancy-list  blue  rounded-tick'>\n<li>permanent tilgang til v\u00e5r pedagogiske plattform og digital l\u00e6rebok i l\u00f8pet av l\u00e6ringsperioden<\/li>\n<li>leksjoner med en erfaren l\u00e6rer (morsm\u00e5ltalende eller polsk l\u00e6rer)<\/li>\n<li>alt studiemateriell<\/li>\n<li>stor fleksibilitet i planlegging av timene<\/li>\n<li>individuell tiln\u00e6rming til behovene til hver student og deres l\u00e6ringstempo<\/li>\n<li>muligheten for \u00e5 l\u00e6re fagpr\u00e5k, avhengig av studentens behov<\/li>\n<li>forberedelse til Norskpr\u00f8ve eller Bergenstest<\/li>\n<li>etter endt utdanning, ytterligere mulighet for \u00e5 bruke ressursene p\u00e5 plattformen v\u00e5r gratis i en periode p\u00e5 6 eller 12 m\u00e5neder, avhengig av antall undervisninger gjennomf\u00f8rt (studenter som har hatt opptil 50 leksjoner &#8211; 6 m\u00e5neder, studenter som har fullf\u00f8rt mer enn 50 leksjoner &#8211; 12 m\u00e5neder)<\/li>\n<li>kursbevis p\u00e5 norsk<\/li>\n<\/ul><div class=\"ult-spacer spacer-69e7717bbfbf6\" data-id=\"69e7717bbfbf6\" data-height=\"50\" data-height-mobile=\"50\" data-height-tab=\"50\" data-height-tab-portrait=\"\" data-height-mobile-landscape=\"\" style=\"clear:both;display:block;\"><\/div><\/div>[\/vc_column][\/vc_row]<\/p>\n","protected":false},"excerpt":{"rendered":"<p>[vc_row][vc_column][vc_row_inner][vc_column_inner][vc_text_separator title=&#8221;Kursmuligheter:&#8221; color=&#8221;blue&#8221; style=&#8221;double&#8221; border_width=&#8221;4&#8243;][\/vc_column_inner][vc_column_inner el_align=&#8221;center&#8221; width=&#8221;4\/12&#8243;][\/vc_column_inner][vc_column_inner width=&#8221;8\/12&#8243;][\/vc_column_inner][\/vc_row_inner][\/vc_column][\/vc_row][vc_row][vc_column][\/vc_column][\/vc_row]<\/p>\n","protected":false},"author":4,"featured_media":0,"parent":0,"menu_order":0,"comment_status":"closed","ping_status":"closed","template":"","meta":[],"_links":{"self":[{"href":"https:\/\/norint.eu\/no\/wp-json\/wp\/v2\/pages\/570"}],"collection":[{"href":"https:\/\/norint.eu\/no\/wp-json\/wp\/v2\/pages"}],"about":[{"href":"https:\/\/norint.eu\/no\/wp-json\/wp\/v2\/types\/page"}],"author":[{"embeddable":true,"href":"https:\/\/norint.eu\/no\/wp-json\/wp\/v2\/users\/4"}],"replies":[{"embeddable":true,"href":"https:\/\/norint.eu\/no\/wp-json\/wp\/v2\/comments?post=570"}],"version-history":[{"count":2,"href":"https:\/\/norint.eu\/no\/wp-json\/wp\/v2\/pages\/570\/revisions"}],"predecessor-version":[{"id":1550,"href":"https:\/\/norint.eu\/no\/wp-json\/wp\/v2\/pages\/570\/revisions\/1550"}],"wp:attachment":[{"href":"https:\/\/norint.eu\/no\/wp-json\/wp\/v2\/media?parent=570"}],"curies":[{"name":"wp","href":"https:\/\/api.w.org\/{rel}","templated":true}]}}