{"id":572,"date":"2019-11-26T11:15:03","date_gmt":"2019-11-26T11:15:03","guid":{"rendered":"https:\/\/norint.eu\/wordpress\/?page_id=572"},"modified":"2019-11-26T11:15:03","modified_gmt":"2019-11-26T11:15:03","slug":"leksjoner-for-2-personer","status":"publish","type":"page","link":"https:\/\/norint.eu\/no\/leksjoner-for-2-personer\/","title":{"rendered":"leksjoner for 2 personer"},"content":{"rendered":"<p>[vc_row][vc_column]<div class=\"ult-animation  ult-animate-viewport  ult-no-mobile \" data-animate=\"fadeInLeft\" data-animation-delay=\"0\" data-animation-duration=\"2\" data-animation-iteration=\"1\" style=\"opacity:0;\" data-opacity_start_effect=\"\"><div class='dt-sc-title script-with-sub-title '><h2>leksjoner for <strong> 2 personer <\/strong><\/h2><h3><\/h3><\/div>[vc_text_separator title=&#8221;Kursmuligheter:&#8221; color=&#8221;blue&#8221; style=&#8221;double&#8221; border_width=&#8221;4&#8243;]<\/div>[\/vc_column][vc_column width=&#8221;4\/12&#8243;]<div class=\"ult-animation  ult-animate-viewport  ult-no-mobile \" data-animate=\"fadeInLeft\" data-animation-delay=\"0\" data-animation-duration=\"2\" data-animation-iteration=\"1\" style=\"opacity:0;\" data-opacity_start_effect=\"\"><div class=\"ult-spacer spacer-69dece053faf2\" data-id=\"69dece053faf2\" data-height=\"30\" data-height-mobile=\"30\" data-height-tab=\"30\" data-height-tab-portrait=\"\" data-height-mobile-landscape=\"\" style=\"clear:both;display:block;\"><\/div>[vc_single_image image=&#8221;1046&#8243; img_size=&#8221;full&#8221;]<div class=\"ult-spacer spacer-69dece053fb0c\" data-id=\"69dece053fb0c\" data-height=\"20\" data-height-mobile=\"20\" data-height-tab=\"20\" data-height-tab-portrait=\"\" data-height-mobile-landscape=\"\" style=\"clear:both;display:block;\"><\/div><\/div>[\/vc_column][vc_column width=&#8221;8\/12&#8243;]<div class=\"ult-animation  ult-animate-viewport  ult-no-mobile \" data-animate=\"fadeInLeft\" data-animation-delay=\"0\" data-animation-duration=\"2\" data-animation-iteration=\"1\" style=\"opacity:0;\" data-opacity_start_effect=\"\"><ul class='dt-sc-fancy-list  blue  rounded-tick'>\n<li>et billigere alternativ enn individuelle leksjoner, men fortsatt veldig intimt<\/li>\n<li>et flott alternativ for familier eller venner som \u00f8nsker \u00e5 komme sammen og motivere hverandre til \u00e5 l\u00e6re<\/li>\n<li>mulighet til \u00e5 sette praktiske tider for leksjoner og l\u00e6ringstempo for begge kursdeltakerne<\/li>\n<li>hver elev har tilgang til kontoen sin p\u00e5 v\u00e5r pedagogiske plattform\nog kan bruke det uavhengig av hverandre, gj\u00f8re lekser osv.<\/li>\n<li>delt tilgang til den digitale h\u00e5ndboken<\/li>\n<li>studentene kan l\u00e6re av b\u00e5de p\u00e5 samme datamaskin eller p\u00e5\nuavhengige datamaskiner og steder<\/li>\n<\/ul><\/div>[\/vc_column][vc_column]<div class=\"ult-animation  ult-animate-viewport  ult-no-mobile \" data-animate=\"fadeInLeft\" data-animation-delay=\"0\" data-animation-duration=\"2\" data-animation-iteration=\"1\" style=\"opacity:0;\" data-opacity_start_effect=\"\"><div class=\"ult-spacer spacer-69dece054148a\" data-id=\"69dece054148a\" data-height=\"30\" data-height-mobile=\"30\" data-height-tab=\"30\" data-height-tab-portrait=\"\" data-height-mobile-landscape=\"\" style=\"clear:both;display:block;\"><\/div>[vc_text_separator title=&#8221;Priser:&#8221; color=&#8221;blue&#8221; style=&#8221;double&#8221; border_width=&#8221;4&#8243;][vc_column_text]<\/p>\n<figure class=\"wp-block-table\">\n<table>\n<tbody>\n<tr>\n<td><\/td>\n<td>Polsk lektor<\/td>\n<td>Norskl\u00e6rer<\/td>\n<\/tr>\n<tr>\n<td>1 leksjon<br \/>\n(45 minutter)<\/td>\n<td>PLN 50 \/ person<\/td>\n<td>PLN 60 \/ person<\/td>\n<\/tr>\n<tr>\n<td>Pakke med 10 leksjoner<\/td>\n<td>PLN 450 \/ person (45 PLN \/ leksjon \/ person)<\/td>\n<td>550 PLN \/ person (55 PLN \/ leksjon \/ person)<\/td>\n<\/tr>\n<tr>\n<td>Pakke med 20 leksjoner<\/td>\n<td>PLN 800 \/ person (40 PLN \/ leksjon \/ person)<\/td>\n<td>1000 PLN \/ person (50 PLN \/ leksjon \/ person)<\/td>\n<\/tr>\n<tr>\n<td>Kurs<br \/>\n(54 leksjoner)<\/td>\n<td>PLN 2.025 \/ person (37,5 PLN \/ leksjon \/ person)<\/td>\n<td>2565 PLN \/ person (47,5 PLN \/ leksjon \/ person)<\/td>\n<\/tr>\n<\/tbody>\n<\/table>\n<\/figure>\n<p>[\/vc_column_text][vc_text_separator title=&#8221;Prisen inkluderer:&#8221; color=&#8221;blue&#8221; style=&#8221;double&#8221; border_width=&#8221;4&#8243;]<\/div><div class=\"ult-animation  ult-animate-viewport  ult-no-mobile \" data-animate=\"fadeInLeft\" data-animation-delay=\"0\" data-animation-duration=\"2\" data-animation-iteration=\"1\" style=\"opacity:0;\" data-opacity_start_effect=\"\"><ul class='dt-sc-fancy-list  blue  rounded-tick'>\n<li>permanent tilgang til v\u00e5r pedagogiske plattform og digital l\u00e6rebok i l\u00f8pet av l\u00e6ringsperioden<\/li>\n<li>leksjoner med en erfaren l\u00e6rer (morsm\u00e5l eller\nPolsk l\u00e6rer)<\/li>\n<li>alt studiemateriell<\/li>\n<li>fleksibilitet om leksjonstider som passer for alle<\/li>\n<li>individuell tiln\u00e6rming til studentenes behov og deres l\u00e6ringstempo<\/li>\n<li>mulighet for \u00e5 l\u00e6re fagspr\u00e5k, etter en gjensidig avtale med studentene<\/li>\n<li>forberedelse til Norskpr\u00f8ve eller Bergenstest, etter avtale mellom l\u00e6reren og studentene<\/li>\n<li>etter endt utdanning kan du fortsette \u00e5 bruke ressursene p\u00e5 plattformen v\u00e5r gratis i en periode p\u00e5 6 eller 12 m\u00e5neder, avhengig av antall leksjoner som er tatt (studenter som har fullf\u00f8rt opptil 50 leksjoner &#8211; 6 m\u00e5neder, studenter,\nsom har fullf\u00f8rt mer enn 50 leksjoner &#8211; 12 m\u00e5neder)<\/li>\n<li>vitnem\u00e5l for gjennomf\u00f8ring av kurset p\u00e5 norsk<\/li>\n<\/ul><\/div>[\/vc_column][\/vc_row][vc_row][vc_column]<div class=\"ult-spacer spacer-69dece0541576\" data-id=\"69dece0541576\" data-height=\"50\" data-height-mobile=\"50\" data-height-tab=\"50\" data-height-tab-portrait=\"\" data-height-mobile-landscape=\"\" style=\"clear:both;display:block;\"><\/div>[\/vc_column][\/vc_row]<\/p>\n","protected":false},"excerpt":{"rendered":"<p>[vc_row][vc_column][\/vc_column][vc_column width=&#8221;4\/12&#8243;][\/vc_column][vc_column width=&#8221;8\/12&#8243;][\/vc_column][vc_column][\/vc_column][\/vc_row][vc_row][vc_column][\/vc_column][\/vc_row]<\/p>\n","protected":false},"author":4,"featured_media":0,"parent":0,"menu_order":0,"comment_status":"closed","ping_status":"closed","template":"","meta":[],"_links":{"self":[{"href":"https:\/\/norint.eu\/no\/wp-json\/wp\/v2\/pages\/572"}],"collection":[{"href":"https:\/\/norint.eu\/no\/wp-json\/wp\/v2\/pages"}],"about":[{"href":"https:\/\/norint.eu\/no\/wp-json\/wp\/v2\/types\/page"}],"author":[{"embeddable":true,"href":"https:\/\/norint.eu\/no\/wp-json\/wp\/v2\/users\/4"}],"replies":[{"embeddable":true,"href":"https:\/\/norint.eu\/no\/wp-json\/wp\/v2\/comments?post=572"}],"version-history":[{"count":1,"href":"https:\/\/norint.eu\/no\/wp-json\/wp\/v2\/pages\/572\/revisions"}],"predecessor-version":[{"id":1553,"href":"https:\/\/norint.eu\/no\/wp-json\/wp\/v2\/pages\/572\/revisions\/1553"}],"wp:attachment":[{"href":"https:\/\/norint.eu\/no\/wp-json\/wp\/v2\/media?parent=572"}],"curies":[{"name":"wp","href":"https:\/\/api.w.org\/{rel}","templated":true}]}}