{"id":574,"date":"2019-11-26T11:15:19","date_gmt":"2019-11-26T11:15:19","guid":{"rendered":"https:\/\/norint.eu\/wordpress\/?page_id=574"},"modified":"2022-01-17T11:53:08","modified_gmt":"2022-01-17T11:53:08","slug":"gruppekurs","status":"publish","type":"page","link":"https:\/\/norint.eu\/no\/gruppekurs\/","title":{"rendered":"gruppekurs"},"content":{"rendered":"<p>[vc_row][vc_column]<div class=\"ult-animation  ult-animate-viewport  ult-no-mobile \" data-animate=\"fadeInLeft\" data-animation-delay=\"0\" data-animation-duration=\"2\" data-animation-iteration=\"1\" style=\"opacity:0;\" data-opacity_start_effect=\"\"><div class='dt-sc-title script-with-sub-title '><h2>gruppe<strong>kurs<\/strong><\/h2><h3><\/h3><\/div>[vc_text_separator title=&#8221;Kursmuligheter:&#8221; color=&#8221;blue&#8221; style=&#8221;double&#8221; border_width=&#8221;4&#8243;]<\/div>[\/vc_column][vc_column width=&#8221;4\/12&#8243;]<div class=\"ult-animation  ult-animate-viewport  ult-no-mobile \" data-animate=\"fadeInLeft\" data-animation-delay=\"0\" data-animation-duration=\"2\" data-animation-iteration=\"1\" style=\"opacity:0;\" data-opacity_start_effect=\"\"><div class=\"ult-spacer spacer-69e7717c82054\" data-id=\"69e7717c82054\" data-height=\"30\" data-height-mobile=\"30\" data-height-tab=\"30\" data-height-tab-portrait=\"\" data-height-mobile-landscape=\"\" style=\"clear:both;display:block;\"><\/div>[vc_single_image image=&#8221;792&#8243; img_size=&#8221;large&#8221;]<div class=\"ult-spacer spacer-69e7717c82063\" data-id=\"69e7717c82063\" data-height=\"30\" data-height-mobile=\"30\" data-height-tab=\"30\" data-height-tab-portrait=\"\" data-height-mobile-landscape=\"\" style=\"clear:both;display:block;\"><\/div><\/div>[\/vc_column][vc_column width=&#8221;8\/12&#8243;]<div class=\"ult-animation  ult-animate-viewport  ult-no-mobile \" data-animate=\"fadeInLeft\" data-animation-delay=\"0\" data-animation-duration=\"2\" data-animation-iteration=\"1\" style=\"opacity:0;\" data-opacity_start_effect=\"\"><ul class='dt-sc-fancy-list  blue  rounded-tick'>\n<li>det billigste alternativet for \u00e5 studere er i sm\u00e5 grupper (3-5 personer)<\/li>\n<li>muligheter for interaksjon med kursdeltakere som m\u00f8tes under leksjonene i en delt virtuell klasse<\/li>\n<li>l\u00e6ring i en gruppe har en motiverende effekt p\u00e5 studentene<\/li>\n<li>faste m\u00f8tetider om kveldene<\/li>\n<li>standard omfang av materiale og l\u00e6ringstempo (vanligvis to m\u00f8ter i\nuken med to leksjoner hver gang)<\/li>\n<\/ul><\/div>[\/vc_column][vc_column]<div class=\"ult-animation  ult-animate-viewport  ult-no-mobile \" data-animate=\"fadeInLeft\" data-animation-delay=\"0\" data-animation-duration=\"2\" data-animation-iteration=\"1\" style=\"opacity:0;\" data-opacity_start_effect=\"\">[vc_text_separator title=&#8221;Priser:&#8221; color=&#8221;blue&#8221; style=&#8221;double&#8221; border_width=&#8221;4&#8243;][vc_column_text]<\/p>\n<figure class=\"wp-block-table\">\n<table>\n<tbody>\n<tr>\n<td><\/td>\n<td>Polsk l\u00e6rer<\/td>\n<td>Norskl\u00e6rer<\/td>\n<\/tr>\n<tr>\n<td>Hele kurset (54 leksjoner x 45 min.)<\/td>\n<td>2160 PLN \/ person (40 PLN \/ leksjon \/ person)<\/td>\n<td>2.430 PLN \/ person (45 PLN \/ leksjon \/ person)<\/td>\n<\/tr>\n<\/tbody>\n<\/table>\n<\/figure>\n<p>[\/vc_column_text]<\/div><div class=\"ult-animation  ult-animate-viewport  ult-no-mobile \" data-animate=\"fadeInLeft\" data-animation-delay=\"0\" data-animation-duration=\"2\" data-animation-iteration=\"1\" style=\"opacity:0;\" data-opacity_start_effect=\"\">[vc_text_separator title=&#8221;Prisen inkluderer:&#8221; color=&#8221;blue&#8221; style=&#8221;double&#8221; border_width=&#8221;4&#8243;]<ul class='dt-sc-fancy-list  blue  rounded-tick'>\n<li>permanent tilgang til v\u00e5r pedagogiske plattform og digital l\u00e6rebok i l\u00f8pet av l\u00e6ringsperioden<\/li>\n<li>leksjoner med en erfaren l\u00e6rer (morsm\u00e5l eller polsk l\u00e6rer)<\/li>\n<li>alt studiemateriell<\/li>\n<li>mulighet for \u00e5 l\u00e6re fagspr\u00e5k, etter gjensidig avtale mellom l\u00e6rer og studenter<\/li>\n<li>forberedelse til Norskpr\u00f8ve eller Bergenstest, etter gjensidig avtale mellom l\u00e6rer og studenter<\/li>\n<li>etter endt utdanning, ytterligere mulighet for \u00e5 bruke ressursene p\u00e5 plattformen v\u00e5r gratis i en periode p\u00e5 6 eller 12 m\u00e5neder, avhengig av antall undervisninger (studenter som har tatt opptil 50 leksjoner &#8211; 6 m\u00e5neder, studenter som har fullf\u00f8rt mer enn 50 leksjoner &#8211; 12 m\u00e5neder)<\/li>\n<li>kursbevis p\u00e5 norsk<\/li>\n<\/ul><\/div>[\/vc_column][\/vc_row][vc_row][vc_column]<div class=\"ult-spacer spacer-69e7717c821f6\" data-id=\"69e7717c821f6\" data-height=\"50\" data-height-mobile=\"50\" data-height-tab=\"50\" data-height-tab-portrait=\"\" data-height-mobile-landscape=\"\" style=\"clear:both;display:block;\"><\/div>[\/vc_column][\/vc_row]<\/p>\n","protected":false},"excerpt":{"rendered":"<p>[vc_row][vc_column][\/vc_column][vc_column width=&#8221;4\/12&#8243;][\/vc_column][vc_column width=&#8221;8\/12&#8243;][\/vc_column][vc_column][\/vc_column][\/vc_row][vc_row][vc_column][\/vc_column][\/vc_row]<\/p>\n","protected":false},"author":4,"featured_media":0,"parent":0,"menu_order":0,"comment_status":"closed","ping_status":"closed","template":"","meta":[],"_links":{"self":[{"href":"https:\/\/norint.eu\/no\/wp-json\/wp\/v2\/pages\/574"}],"collection":[{"href":"https:\/\/norint.eu\/no\/wp-json\/wp\/v2\/pages"}],"about":[{"href":"https:\/\/norint.eu\/no\/wp-json\/wp\/v2\/types\/page"}],"author":[{"embeddable":true,"href":"https:\/\/norint.eu\/no\/wp-json\/wp\/v2\/users\/4"}],"replies":[{"embeddable":true,"href":"https:\/\/norint.eu\/no\/wp-json\/wp\/v2\/comments?post=574"}],"version-history":[{"count":2,"href":"https:\/\/norint.eu\/no\/wp-json\/wp\/v2\/pages\/574\/revisions"}],"predecessor-version":[{"id":1552,"href":"https:\/\/norint.eu\/no\/wp-json\/wp\/v2\/pages\/574\/revisions\/1552"}],"wp:attachment":[{"href":"https:\/\/norint.eu\/no\/wp-json\/wp\/v2\/media?parent=574"}],"curies":[{"name":"wp","href":"https:\/\/api.w.org\/{rel}","templated":true}]}}