{"id":576,"date":"2019-11-26T11:15:27","date_gmt":"2019-11-26T11:15:27","guid":{"rendered":"https:\/\/norint.eu\/wordpress\/?page_id=576"},"modified":"2019-11-26T11:15:27","modified_gmt":"2019-11-26T11:15:27","slug":"bedriftskurs","status":"publish","type":"page","link":"https:\/\/norint.eu\/no\/bedriftskurs\/","title":{"rendered":"bedriftskurs"},"content":{"rendered":"<p>[vc_row][vc_column]<div class=\"ult-animation  ult-animate-viewport  ult-no-mobile \" data-animate=\"fadeInLeft\" data-animation-delay=\"0\" data-animation-duration=\"2\" data-animation-iteration=\"1\" style=\"opacity:0;\" data-opacity_start_effect=\"\"><div class='dt-sc-title script-with-sub-title '><h2>bedrifts<strong>kurs<\/strong><\/h2><h3><\/h3><\/div>[vc_column_text]Vi inviterer bedrifter som \u00f8nsker \u00e5 arrangere norskkurs for sine ansatte. <strong> Vi vil lage et individuelt tilbud for deg basert p\u00e5 dine behov. <\/strong> Vi har lang erfaring med \u00e5 gjennomf\u00f8re spr\u00e5kkurs for bedrifter som f.eks. Adecco Norge, Global Work, Supersnow, ZEW Niedzica og andre.<strong> Vi har spesialiserte kurs for ansatte fra medisin-, bygg- og bilindustrien <\/strong> men om n\u00f8dvendig kan vi ogs\u00e5 utarbeide et tilbud for ansatte fra andre felt.[\/vc_column_text][vc_text_separator title=&#8221;Kursmuligheter:&#8221; color=&#8221;blue&#8221; style=&#8221;double&#8221; border_width=&#8221;4&#8243;]<\/div>[\/vc_column][vc_column width=&#8221;4\/12&#8243;]<div class=\"ult-animation  ult-animate-viewport  ult-no-mobile \" data-animate=\"fadeInLeft\" data-animation-delay=\"0\" data-animation-duration=\"2\" data-animation-iteration=\"1\" style=\"opacity:0;\" data-opacity_start_effect=\"\"><div class=\"ult-spacer spacer-69d3d6fab22bc\" data-id=\"69d3d6fab22bc\" data-height=\"40\" data-height-mobile=\"40\" data-height-tab=\"40\" data-height-tab-portrait=\"\" data-height-mobile-landscape=\"\" style=\"clear:both;display:block;\"><\/div>[vc_single_image image=&#8221;438&#8243; img_size=&#8221;large&#8221;]<\/div>[\/vc_column][vc_column width=&#8221;8\/12&#8243;]<div class=\"ult-animation  ult-animate-viewport  ult-no-mobile \" data-animate=\"fadeInLeft\" data-animation-delay=\"0\" data-animation-duration=\"2\" data-animation-iteration=\"1\" style=\"opacity:0;\" data-opacity_start_effect=\"\"><ul class='dt-sc-fancy-list  blue  rounded-tick'>\n<li>muligheten for \u00e5 opprette sm\u00e5 grupper (maks. 5-6 personer) som skal l\u00e6re sammen p\u00e5 et gitt niv\u00e5, uavhengig av bosted eller arbeid<\/li>\n<li>stor fleksibilitet i \u00e5 sette tiden for klasser (mulighet for leksjoner i et rotasjonssystem, avhengig av deltakernes arbeidstid)<\/li>\n<li>tilpasse omfanget av materialet og vokabularet til studentenes behov<\/li>\n<li>mulighet for \u00e5 sende arbeidsgiver rapporter om deltakelse i undervisningen og kursdeltakernes fremdrift<\/li>\n<li>muligheten for \u00e5 gjennomf\u00f8re tester for \u00e5 kontrollere kunnskapen til studentene i l\u00f8pet av kurset og p\u00e5 slutten av kurset<\/li>\n<li>kursavslutningsbevis for hver deltaker p\u00e5 norsk<\/li>\n<\/ul><\/div>[\/vc_column][vc_column]<div class=\"ult-spacer spacer-69d3d6fab24a0\" data-id=\"69d3d6fab24a0\" data-height=\"30\" data-height-mobile=\"30\" data-height-tab=\"30\" data-height-tab-portrait=\"\" data-height-mobile-landscape=\"\" style=\"clear:both;display:block;\"><\/div>[vc_text_separator title=&#8221;Priser:&#8221; color=&#8221;blue&#8221; style=&#8221;double&#8221; border_width=&#8221;4&#8243;]<div class=\"ult-animation  ult-animate-viewport  ult-no-mobile \" data-animate=\"fadeInLeft\" data-animation-delay=\"0\" data-animation-duration=\"2\" data-animation-iteration=\"1\" style=\"opacity:0;\" data-opacity_start_effect=\"\"><ul class='dt-sc-fancy-list  blue  rounded-tick'>\n<li>n\u00e5r det gjelder kurs for bedrifter, settes prisene individuelt avhengig av antall deltakere og kursets varighet<\/li>\n<li>selskaper som er interessert i ovennevnte tilbud, vennligst kontakt oss, s\u00e5 vil vi kunne utarbeide et individuelt tilbud for deg og et prisforslag<\/li>\n<\/ul><\/div><div class=\"ult-spacer spacer-69d3d6fab2582\" data-id=\"69d3d6fab2582\" data-height=\"50\" data-height-mobile=\"50\" data-height-tab=\"50\" data-height-tab-portrait=\"\" data-height-mobile-landscape=\"\" style=\"clear:both;display:block;\"><\/div>[\/vc_column][\/vc_row][vc_row][vc_column][\/vc_column][\/vc_row]<\/p>\n","protected":false},"excerpt":{"rendered":"<p>[vc_row][vc_column][\/vc_column][vc_column width=&#8221;4\/12&#8243;][\/vc_column][vc_column width=&#8221;8\/12&#8243;][\/vc_column][vc_column][vc_text_separator title=&#8221;Priser:&#8221; color=&#8221;blue&#8221; style=&#8221;double&#8221; border_width=&#8221;4&#8243;][\/vc_column][\/vc_row][vc_row][vc_column][\/vc_column][\/vc_row]<\/p>\n","protected":false},"author":4,"featured_media":0,"parent":0,"menu_order":0,"comment_status":"closed","ping_status":"closed","template":"","meta":[],"_links":{"self":[{"href":"https:\/\/norint.eu\/no\/wp-json\/wp\/v2\/pages\/576"}],"collection":[{"href":"https:\/\/norint.eu\/no\/wp-json\/wp\/v2\/pages"}],"about":[{"href":"https:\/\/norint.eu\/no\/wp-json\/wp\/v2\/types\/page"}],"author":[{"embeddable":true,"href":"https:\/\/norint.eu\/no\/wp-json\/wp\/v2\/users\/4"}],"replies":[{"embeddable":true,"href":"https:\/\/norint.eu\/no\/wp-json\/wp\/v2\/comments?post=576"}],"version-history":[{"count":0,"href":"https:\/\/norint.eu\/no\/wp-json\/wp\/v2\/pages\/576\/revisions"}],"wp:attachment":[{"href":"https:\/\/norint.eu\/no\/wp-json\/wp\/v2\/media?parent=576"}],"curies":[{"name":"wp","href":"https:\/\/api.w.org\/{rel}","templated":true}]}}