{"id":585,"date":"2019-11-26T11:17:12","date_gmt":"2019-11-26T11:17:12","guid":{"rendered":"https:\/\/norint.eu\/wordpress\/?page_id=585"},"modified":"2019-11-26T11:17:12","modified_gmt":"2019-11-26T11:17:12","slug":"tekniske-krav","status":"publish","type":"page","link":"https:\/\/norint.eu\/no\/tekniske-krav\/","title":{"rendered":"tekniske krav"},"content":{"rendered":"<p>[vc_row][vc_column]<div class=\"ult-animation  ult-animate-viewport  ult-no-mobile \" data-animate=\"fadeInLeft\" data-animation-delay=\"0.2\" data-animation-duration=\"3\" data-animation-iteration=\"1\" style=\"opacity:0;\" data-opacity_start_effect=\"\"><div class='dt-sc-title script-with-sub-title '><h2><strong>tekniske<\/strong> krav<\/h2><h3><\/h3><\/div><\/div><div class=\"ult-animation  ult-animate-viewport  ult-no-mobile \" data-animate=\"fadeInLeft\" data-animation-delay=\"0.2\" data-animation-duration=\"3\" data-animation-iteration=\"1\" style=\"opacity:0;\" data-opacity_start_effect=\"\">[vc_text_separator title=&#8221;Minimumstekniske krav&#8221; color=&#8221;blue&#8221; style=&#8221;double&#8221; border_width=&#8221;4&#8243;][vc_column_text]Alle v\u00e5re norskkurs blir undervist via en virtuell l\u00e6ringsplattform. F\u00f8r du starter kurset, m\u00e5 du s\u00f8rge for at datamaskinen din oppfyller de tekniske kravene som er n\u00f8dvendige for riktig deltakelse i online leksjoner. Vi krever ikke at noen programvare skal installeres, ettersom hele kurset er basert p\u00e5 bruk av serverne v\u00e5re. Det er imidlertid n\u00f8dvendig \u00e5 ha en nettleser som muliggj\u00f8r bruk av informasjonskapsler.<\/p>\n<p><strong> Krav til programvare: <\/strong>[\/vc_column_text]<\/div><div class=\"ult-animation  ult-animate-viewport  ult-no-mobile \" data-animate=\"fadeInLeft\" data-animation-delay=\"0.5\" data-animation-duration=\"3\" data-animation-iteration=\"1\" style=\"opacity:0;\" data-opacity_start_effect=\"\"><strong> Windows-brukere <\/strong>:<\/p>\n<ul class='dt-sc-fancy-list  blue  rounded-tick'>\n<li>Windows 8 (eller nyere) operativsystem<\/li>\n<\/ul><\/div><div class=\"ult-animation  ult-animate-viewport  ult-no-mobile \" data-animate=\"fadeInLeft\" data-animation-delay=\"0.2\" data-animation-duration=\"3\" data-animation-iteration=\"1\" style=\"opacity:0;\" data-opacity_start_effect=\"\"><div class=\"ult-spacer spacer-69dece058e0d1\" data-id=\"69dece058e0d1\" data-height=\"10\" data-height-mobile=\"10\" data-height-tab=\"10\" data-height-tab-portrait=\"\" data-height-mobile-landscape=\"\" style=\"clear:both;display:block;\"><\/div><strong> Macintosh-brukere: <\/strong>:<\/p>\n<ul class='dt-sc-fancy-list  blue  rounded-tick'>\n<li>OS X (eller nyere) operativsystem<\/li>\n<\/ul><\/div>[\/vc_column][\/vc_row][vc_row][vc_column]<div class=\"ult-animation  ult-animate-viewport  ult-no-mobile \" data-animate=\"fadeInLeft\" data-animation-delay=\"0.2\" data-animation-duration=\"3\" data-animation-iteration=\"1\" style=\"opacity:0;\" data-opacity_start_effect=\"\"><div class=\"ult-spacer spacer-69dece058e1a7\" data-id=\"69dece058e1a7\" data-height=\"10\" data-height-mobile=\"10\" data-height-tab=\"10\" data-height-tab-portrait=\"\" data-height-mobile-landscape=\"\" style=\"clear:both;display:block;\"><\/div>[vc_column_text]<strong> Linux-brukere <\/strong> vil kunne bruke plattformen normalt s\u00e5 lenge datamaskinen deres st\u00f8tter standardfunksjonene som er oppf\u00f8rt nedenfor.[\/vc_column_text]<\/div><div class=\"ult-animation  ult-animate-viewport  ult-no-mobile \" data-animate=\"fadeInLeft\" data-animation-delay=\"0.5\" data-animation-duration=\"3\" data-animation-iteration=\"1\" style=\"opacity:0;\" data-opacity_start_effect=\"\">[vc_text_separator title=&#8221;Minimumstekniske krav&#8221; color=&#8221;blue&#8221; style=&#8221;double&#8221; border_width=&#8221;4&#8243;]<ul class='dt-sc-fancy-list  blue  rounded-tick'>\n<li>2 GB RAM<\/li>\n<li>1 GB ledig diskplass (anbefalt)<\/li>\n<li>Bredb\u00e5ndsforbindelse (DSL eller kabel anbefales)<\/li>\n<li>Lydkort med hodetelefoner<\/li>\n<li>Det anbefales ogs\u00e5 \u00e5 ha en skriver<\/li>\n<\/ul>\n<p><strong> Krav til nettleser <\/strong>:<\/p>\n<ul class='dt-sc-fancy-list  blue  rounded-tick'>\n<li>Edge, Firefox, Chrome og Safari<\/li>\n<li>Informasjonskapsler og popup-vinduer er aktivert (vennligst ikke blokker popup-vinduer fra serverne v\u00e5re)<\/li>\n<\/ul>\n<p><strong> Programvareanbefalinger <\/strong> (klikk p\u00e5 lenkene nedenfor for \u00e5 laste ned applikasjonene)<\/p>\n<ul class='dt-sc-fancy-list  blue  rounded-tick'>\n<li>Mozilla Firefox: <a href=\"http:\/\/www.mozilla.org\/\" target=\"_blank\" rel=\"noreferrer noopener\"> http:\/\/www.mozilla.org <\/a><\/li>\n<li>Adobe Acrobat Reader: <a href=\"http:\/\/get.adobe.com\/reader\/\" target=\"_blank\" rel=\"noreferrer noopener\"> http:\/\/get.adobe.com\/reader\/ (anbefales) <\/a><\/li>\n<\/ul>\n<p>Nettleseren Chrome anbefales p\u00e5 det sterkeste, men andre nettlesere som Firefox, Safari og Explorer vil fungere n\u00e5r de kombineres med v\u00e5r plattform.<\/p>\n<p><strong> Brannmurer og nettverksinnstillinger <\/strong><\/p>\n<p>For at e-l\u00e6ringssystemet v\u00e5rt skal fungere fullt ut, m\u00e5 f\u00f8lgende domener settes som trygge:<\/p>\n<ul class='dt-sc-fancy-list  blue  rounded-tick'>\n<li>www.norint.eu<\/li>\n<li>e-learning.norint.eu<\/li>\n<li>sv1.norint.eu<\/li>\n<li>sv2.norint.eu<\/li>\n<li>sv3.norint.eu<\/li>\n<\/ul>\n<p>Ogs\u00e5 n\u00e5r du bruker den virtuelle klassen, b\u00f8r noen porter som ofte er stengt p\u00e5 interne nettverk, holdes \u00e5pne.<\/div>[\/vc_column][\/vc_row]<\/p>\n","protected":false},"excerpt":{"rendered":"<p>[vc_row][vc_column][\/vc_column][\/vc_row][vc_row][vc_column][\/vc_column][\/vc_row]<\/p>\n","protected":false},"author":4,"featured_media":0,"parent":0,"menu_order":0,"comment_status":"closed","ping_status":"closed","template":"","meta":[],"_links":{"self":[{"href":"https:\/\/norint.eu\/no\/wp-json\/wp\/v2\/pages\/585"}],"collection":[{"href":"https:\/\/norint.eu\/no\/wp-json\/wp\/v2\/pages"}],"about":[{"href":"https:\/\/norint.eu\/no\/wp-json\/wp\/v2\/types\/page"}],"author":[{"embeddable":true,"href":"https:\/\/norint.eu\/no\/wp-json\/wp\/v2\/users\/4"}],"replies":[{"embeddable":true,"href":"https:\/\/norint.eu\/no\/wp-json\/wp\/v2\/comments?post=585"}],"version-history":[{"count":0,"href":"https:\/\/norint.eu\/no\/wp-json\/wp\/v2\/pages\/585\/revisions"}],"wp:attachment":[{"href":"https:\/\/norint.eu\/no\/wp-json\/wp\/v2\/media?parent=585"}],"curies":[{"name":"wp","href":"https:\/\/api.w.org\/{rel}","templated":true}]}}