{"id":587,"date":"2019-11-26T11:17:23","date_gmt":"2019-11-26T11:17:23","guid":{"rendered":"https:\/\/norint.eu\/wordpress\/?page_id=587"},"modified":"2019-11-26T11:17:23","modified_gmt":"2019-11-26T11:17:23","slug":"skoleforskrifter","status":"publish","type":"page","link":"https:\/\/norint.eu\/no\/skoleforskrifter\/","title":{"rendered":"skoleforskrifter"},"content":{"rendered":"<p>[vc_row][vc_column]<div class=\"ult-animation  ult-animate-viewport  ult-no-mobile \" data-animate=\"fadeInLeft\" data-animation-delay=\"0\" data-animation-duration=\"3\" data-animation-iteration=\"1\" style=\"opacity:0;\" data-opacity_start_effect=\"\"><div class='dt-sc-title script-with-sub-title '><h2>skole<strong>forskrifter<\/strong><\/h2><h4><\/h4><\/div><\/div>[vc_text_separator title=&#8221;Individuelle leksjoner:&#8221; color=&#8221;blue&#8221; style=&#8221;double&#8221; border_width=&#8221;4&#8243;]<div class=\"ult-animation  ult-animate-viewport  ult-no-mobile \" data-animate=\"fadeInLeft\" data-animation-delay=\"0\" data-animation-duration=\"3\" data-animation-iteration=\"1\" style=\"opacity:0;\" data-opacity_start_effect=\"\"><ul class='dt-sc-fancy-list  blue  rounded-tick'>\n<li>etter \u00e5 ha fullf\u00f8rt den f\u00f8rste leksjonen, vennligst informer oss om din beslutning om \u00e5 fortsette \u00e5 l\u00e6re og den valgte betalingsm\u00e5ten<\/li>\n<li>fakturaer for leksjoner sendes i elektronisk versjon til en e-post med en 7-dagers betalingsfrist, studenter som studerer p\u00e5 skolen v\u00e5r forplikter seg til \u00e5 betale avgifter for leksjonene i tide &#8211; basert p\u00e5 mottatte faktura<\/li>\n<li>leksjoner avlyst minimum 24 timer i forvei, vil bli implementert p\u00e5 en annen dato, avtalt av studenten direkte med l\u00e6reren<\/li>\n<li>leksjoner som er kansellert senere enn 24 timer i f\u00f8r, blir behandlet som &#8220;avlyst &#8211; betalt&#8221; leksjon<\/li>\n<li>leksjoner der studenten var frav\u00e6rende og ikke ble avlyst av, blir behandlet som &#8220;ikke avlyst &#8211; betalt&#8221; leksjoner<\/li>\n<li>hvis studenten ikke kan delta i leksjonen, b\u00f8r de kontakte l\u00e6reren sin s\u00e5 snart som mulig for \u00e5 bekrefte at de fortsetter p\u00e5 kurset og datoen for neste leksjon<\/li>\n<li>studenten har rett til tilgang til utdanningsplattformen og utdanningsmaterialet som er tilgjengelig p\u00e5 den, samt til den digitale l\u00e6reboken i l\u00f8pet av studietiden (i tilfelle en planlagt studiepause, har studenten rett til tilgang p\u00e5 den pedagogiske plattformen, men ikke den digitale l\u00e6reboken)<\/li>\n<li>etter endt utdanning, vil studenter som har fullf\u00f8rt minimum. 50 leksjoner har rett til tilgang til utdanningsplattformen og undervisningsmaterialet som er lagt p\u00e5 den i en periode p\u00e5 12 m\u00e5neder, og i tilfelle studenten har gjennomf\u00f8rt f\u00e6rre enn 50 leksjoner, vil perioden bli p\u00e5 6 m\u00e5neder<\/li>\n<li>en hver elev som utdanner seg p\u00e5 skolen v\u00e5r, er forpliktet til \u00e5 gj\u00f8re seg kjent med de tekniske kravene som er n\u00f8dvendige for at den pedagogiske plattformen skal fungere riktig og ha hodetelefoner for \u00e5 bruke under timene<\/li>\n<li>f\u00f8r den f\u00f8rste leksjonen, mottar studenten en e-postinstruksjon for \u00e5 logge seg inn p\u00e5 kontoen sin p\u00e5 utdanningsplattformen og er forpliktet til \u00e5 lese denne instruksjonen og logge seg p\u00e5 f\u00f8r leksjonen, og i tilfelle problemer, kontakte skolens kontor for hjelp<\/li>\n<li>det grunnleggende verkt\u00f8yet for kommunikasjon i l\u00f8pet av leksjonen er Skype, s\u00e5 elevene blir bedt om \u00e5 installere \/ oppdatere dette programmet f\u00f8r de begynner \u00e5 l\u00e6re, og i rett tid sende brukernavnet til skolens kontor for overf\u00f8ring til l\u00e6reren, som deretter sender en invitasjon til &#8220;gruppen \/ studenten&#8221; p\u00e5 Skype, og kursdeltakeren m\u00e5 bekrefte det slik at l\u00e6reren kan kontakte dem til avtalt tid<\/li>\n<li>Kursdeltakere p\u00e5 nettet som har vanskeligheter med \u00e5 bruke l\u00e6ringsplattformen, det virtuelle klasserommet eller f\u00e5 tilgang til den digitale\u00a0 l\u00e6reboka, m\u00e5 kontakte oss s\u00e5 snart som mulig slik at eventuelle problemer kan l\u00f8ses av personalet v\u00e5rt<\/li>\n<li>vi forventer at studentene v\u00e5re skal v\u00e6re punktlige og respektere l\u00e6rere og skolepersonell som gj\u00f8r det de kan for \u00e5 sikre at tjenestene vi tilbyr er p\u00e5 et h\u00f8yt niv\u00e5<\/li>\n<li>Hvis du har sp\u00f8rsm\u00e5l, tvil eller misn\u00f8ye med tjenestene v\u00e5re, kan du kontakte skolekontoret med en gang for \u00e5 avklare disse problemene.<\/li>\n<li>i tilfelle misn\u00f8ye med leksjonene med en gitt l\u00e6rer, er det mulig \u00e5 bytte l\u00e6rer etter \u00e5 ha informert skolekontoret og med forbehold om tilgjengeligheten av andre l\u00e6rere<\/li>\n<li>hvis leksjonen ikke finner sted av grunner utenfor elevens kontroll, forplikter Norint seg til \u00e5 fullf\u00f8re den p\u00e5 en annen dato, valgt av studenten i samr\u00e5d med l\u00e6reren.<\/li>\n<\/ul><div class=\"ult-spacer spacer-69f5496fe0aaf\" data-id=\"69f5496fe0aaf\" data-height=\"20\" data-height-mobile=\"20\" data-height-tab=\"20\" data-height-tab-portrait=\"\" data-height-mobile-landscape=\"\" style=\"clear:both;display:block;\"><\/div>[vc_text_separator title=&#8221;Leksjoner for 2 personer og gruppekurs:&#8221; color=&#8221;blue&#8221; style=&#8221;double&#8221; border_width=&#8221;4&#8243;]<ul class='dt-sc-fancy-list  blue  rounded-tick'>\n<li>p\u00e5melding til kurset er bindende, deltakeren kan trekke seg fra kurset inntil 7 dager f\u00f8r kurset starter; da er gebyret for \u00e5 avlyse kurset 50 euro, fratredelse fra kurset mindre enn 7 dager f\u00f8r startdatoen er forbundet med et gebyr p\u00e5 40% av hele kursprisen<\/li>\n<li>i tilfelle avgang fra deltakelse i kurset og ikke informerer oss om det, vil vi ikke gi refusjon for kurset<\/li>\n<li>fakturaer for leksjoner sendes i en elektronisk versjon til en e-post med en 7-dagers betalingsfrist, studenten som studerer p\u00e5 skolen v\u00e5r forplikter seg til \u00e5 betale avgifter for leksjonene i tide, basert p\u00e5 mottatte fakturaer<\/li>\n<li>hvis kurset ikke starter p\u00e5 grunn av mangel p\u00e5 minimum p\u00e5krevde antall deltakere eller av annen grunn utenfor studentens kontroll, forplikter Norint seg til \u00e5 tilbakebetale kursavgiften fullt ut, eller vi kan foresl\u00e5 \u00e5 bli med p\u00e5 et lignende kurs, forutsatt at denne l\u00f8sningen er tilfredsstillende for studenten<\/li>\n<li>f\u00f8r kursstart, skal deltakeren s\u00f8rge for at datamaskinen \/ den b\u00e6rbare datamaskinen og internett deres oppfyller minimumskravene for \u00e5 delta i kurset. Hvis han ikke er sikker, kan han bestille et gratis pr\u00f8ve m\u00f8te eller kj\u00f8pe en leksjon f\u00f8r kj\u00f8pe hele kurset for \u00e5 kontrollere egnetheten til maskinvaren din<\/li>\n<li>studenten skal delta i minst 75% av gruppetimene i l\u00f8pet av kurset, frav\u00e6ret av noen av kursdeltakerne under leksjonen bremser l\u00e6ringsprosessen til hele gruppen fordi l\u00e6reren m\u00e5 gjenta materialet, hvis studenten ikke er til stede, b\u00f8r han lese materialet f\u00f8r neste gruppekurs<\/li>\n<li>hvis en student savner en leksjon, b\u00f8r de kontakte l\u00e6reren sin s\u00e5 snart som mulig for \u00e5 bekrefte deres fortsatte oppm\u00f8te og datoen for neste leksjon.<\/li>\n<li>deltakere p\u00e5 online gruppekurs b\u00f8r ikke ha mobiltelefoner i n\u00e6rheten av datamaskinene sine i l\u00f8pet av leksjonen p\u00e5 grunn av forstyrrelser som kan v\u00e6re for\u00e5rsaket av dem. Alle lyder overf\u00f8res via Internett til andre mennesker som er tilstede i den virtuelle klassen<\/li>\n<li>alle deltakere i et gruppekurs er p\u00e5lagt \u00e5 ta en spr\u00e5kkunnskapspr\u00f8ve f\u00f8r den f\u00f8rste leksjonen p\u00e5 kurset, og i noen tilfeller kan l\u00e6reren ogs\u00e5 intervjue studenten for \u00e5 sikre optimal gruppering, b\u00e5de test og intervju er inkludert i kursavgiften<\/li>\n<li>Alle kursdeltakere p\u00e5 nettet m\u00e5 v\u00e6re til stede i f\u00f8rste klasse av kurset eller gi oss en skriftlig melding som forklarer \u00e5rsaken til frav\u00e6ret. Vi kan tilby studenter som er frav\u00e6rende fra den f\u00f8rste leksjonen av gyldig grunn en ekstra leksjon, folk som ikke varsler oss om frav\u00e6r fra f\u00f8rste klasse, vil bli fjernet fra listen over kursdeltakere og vil ikke lenger kunne bruke skolens tilbud<\/li>\n<li>studenten har rett til tilgang til utdanningsplattformen og utdanningsmaterialet som er tilgjengelig p\u00e5 den, samt til den digitale l\u00e6reboken i l\u00f8pet av studietiden (i tilfelle et planlagt studiepaus har studenten rett til tilgang pedagogisk plattform, men ikke den digitale l\u00e6reboka) &amp; lt; \/ li &amp; gt;<\/li>\n<li>etter endt utdanning, en student som fullf\u00f8rte p\u00e5 skolen min. 50 leksjoner har rett til tilgang til utdanningsplattformen og undervisningsmaterialet som er lagt p\u00e5 den i en periode p\u00e5 12 m\u00e5neder, og i tilfelle f\u00e6rre enn 50 leksjoner, i en periode p\u00e5 6 m\u00e5neder<\/li>\n<li>hver elev som utdanner seg p\u00e5 skolen v\u00e5r, er forpliktet til \u00e5 gj\u00f8re seg kjent med de tekniske kravene som er n\u00f8dvendige for at utdanningsplattformen skal fungere riktig og skaffe hodetelefoner<\/li>\n<li>f\u00f8r den f\u00f8rste leksjonen, mottar hver student en e-postinstruksjon for \u00e5 logge inn p\u00e5 kontoen sin p\u00e5 utdanningsplattformen og er forpliktet til \u00e5 lese denne instruksjonen og logge p\u00e5 f\u00f8r leksjonen, og i tilfelle problemer, \u00e5 kontakte skolekontor for hjelp<\/li>\n<li>det grunnleggende verkt\u00f8yet for kommunikasjon i l\u00f8pet av leksjonen er Skype, slik at studentene blir bedt om \u00e5 installere \/ oppdatere dette programmet f\u00f8r de begynner \u00e5 l\u00e6re, og i rett tid sende brukernavnet til skolens kontor for overf\u00f8ring til l\u00e6reren, som deretter sender en invitasjon til &#8221; vennegjeng &#8220;p\u00e5 Skype, og kursdeltakeren m\u00e5 bekrefte det slik at l\u00e6reren kan kontakte ham til avtalt tid<\/li>\n<li>Kursdeltakere p\u00e5 nettet som har vanskeligheter med \u00e5 bruke l\u00e6ringsplattformen, det virtuelle klasserommet eller f\u00e5 tilgang til en digital l\u00e6rebok, m\u00e5 kontakte oss s\u00e5 snart som mulig slik at eventuelle problemer kan l\u00f8ses av personalet v\u00e5rt<\/li>\n<li>vi forventer at studentene v\u00e5re skal v\u00e6re punktlige og respektere l\u00e6rere og skolepersonell.<\/li>\n<\/ul><\/div>[\/vc_column][\/vc_row][vc_row][vc_column][vc_column_text][\/vc_column_text][\/vc_column][\/vc_row]<\/p>\n","protected":false},"excerpt":{"rendered":"<p>[vc_row][vc_column][vc_text_separator title=&#8221;Individuelle leksjoner:&#8221; color=&#8221;blue&#8221; style=&#8221;double&#8221; border_width=&#8221;4&#8243;][\/vc_column][\/vc_row][vc_row][vc_column][vc_column_text][\/vc_column_text][\/vc_column][\/vc_row]<\/p>\n","protected":false},"author":4,"featured_media":0,"parent":0,"menu_order":0,"comment_status":"closed","ping_status":"closed","template":"","meta":[],"_links":{"self":[{"href":"https:\/\/norint.eu\/no\/wp-json\/wp\/v2\/pages\/587"}],"collection":[{"href":"https:\/\/norint.eu\/no\/wp-json\/wp\/v2\/pages"}],"about":[{"href":"https:\/\/norint.eu\/no\/wp-json\/wp\/v2\/types\/page"}],"author":[{"embeddable":true,"href":"https:\/\/norint.eu\/no\/wp-json\/wp\/v2\/users\/4"}],"replies":[{"embeddable":true,"href":"https:\/\/norint.eu\/no\/wp-json\/wp\/v2\/comments?post=587"}],"version-history":[{"count":0,"href":"https:\/\/norint.eu\/no\/wp-json\/wp\/v2\/pages\/587\/revisions"}],"wp:attachment":[{"href":"https:\/\/norint.eu\/no\/wp-json\/wp\/v2\/media?parent=587"}],"curies":[{"name":"wp","href":"https:\/\/api.w.org\/{rel}","templated":true}]}}