{"id":589,"date":"2019-11-26T11:17:41","date_gmt":"2019-11-26T11:17:41","guid":{"rendered":"https:\/\/norint.eu\/wordpress\/?page_id=589"},"modified":"2019-11-26T11:17:41","modified_gmt":"2019-11-26T11:17:41","slug":"betalingsmetoder","status":"publish","type":"page","link":"https:\/\/norint.eu\/no\/betalingsmetoder\/","title":{"rendered":"betalingsmetoder"},"content":{"rendered":"<p>[vc_row][vc_column]<div class=\"ult-animation  ult-animate-viewport  ult-no-mobile \" data-animate=\"fadeInLeft\" data-animation-delay=\"0\" data-animation-duration=\"3\" data-animation-iteration=\"1\" style=\"opacity:0;\" data-opacity_start_effect=\"\"><div class='dt-sc-title script-with-sub-title '><h2>betalings<strong>metoder <\/strong><\/h2><h4>Betalingsalternativer tilgjengelig:<\/h4><\/div><\/div><div class=\"ult-animation  ult-animate-viewport  ult-no-mobile \" data-animate=\"fadeInLeft\" data-animation-delay=\"0.5\" data-animation-duration=\"3\" data-animation-iteration=\"1\" style=\"opacity:0;\" data-opacity_start_effect=\"\"><ul class='dt-sc-fancy-list  blue  rounded-tick'>\n<li>kredittkort &#8211; vi godtar kortbetalinger via PayPal<\/li>\n<li>bankoverf\u00f8ring<\/li>\n<li>kupong &#8211; kan kj\u00f8pes for en tredjepart (hvis du har en kupong levert av arbeidsgiveren din som gir deg rett til \u00e5 bruke kurset, vil vi bekrefte via e-post og bestemme kursplanen)<\/li>\n<li>betaling i avdrag<\/li>\n<\/ul><\/div><div class=\"ult-animation  ult-animate-viewport  ult-no-mobile \" data-animate=\"fadeInLeft\" data-animation-delay=\"0\" data-animation-duration=\"3\" data-animation-iteration=\"1\" style=\"opacity:0;\" data-opacity_start_effect=\"\"><div class=\"ult-spacer spacer-69dee709a4d6b\" data-id=\"69dee709a4d6b\" data-height=\"25\" data-height-mobile=\"25\" data-height-tab=\"25\" data-height-tab-portrait=\"\" data-height-mobile-landscape=\"\" style=\"clear:both;display:block;\"><\/div><div class='dt-sc-title script-with-sub-title '><h4>Vi har to metoder for \u00e5 betale for leksjoner:<\/h4><h4><\/h4><\/div><\/div><div class=\"ult-animation  ult-animate-viewport  ult-no-mobile \" data-animate=\"fadeInLeft\" data-animation-delay=\"0.5\" data-animation-duration=\"3\" data-animation-iteration=\"1\" style=\"opacity:0;\" data-opacity_start_effect=\"\"><ul class='dt-sc-fancy-list  blue  rounded-tick'>\n<li>m\u00e5nedlig oppgj\u00f8r basert p\u00e5 en faktura utstedt i begynnelsen av m\u00e5neden for leksjoner som fant sted i forrige m\u00e5ned<\/li>\n<li>et mer \u00f8konomisk alternativ i form av pakker eller kurs som betales p\u00e5 forh\u00e5nd, etter fullf\u00f8rt f\u00f8rste leksjon &#8211; vi sender fakturaer via e-post med en 7-dagers betalingsperiode.<\/li>\n<\/ul>\n<p>&nbsp;<\/p>\n<p><strong> Fakturaer genereres i elektronisk versjon og sendes via e-post. <\/strong><\/div>[\/vc_column][\/vc_row]<\/p>\n","protected":false},"excerpt":{"rendered":"<p>[vc_row][vc_column][\/vc_column][\/vc_row]<\/p>\n","protected":false},"author":4,"featured_media":0,"parent":0,"menu_order":0,"comment_status":"closed","ping_status":"closed","template":"","meta":[],"_links":{"self":[{"href":"https:\/\/norint.eu\/no\/wp-json\/wp\/v2\/pages\/589"}],"collection":[{"href":"https:\/\/norint.eu\/no\/wp-json\/wp\/v2\/pages"}],"about":[{"href":"https:\/\/norint.eu\/no\/wp-json\/wp\/v2\/types\/page"}],"author":[{"embeddable":true,"href":"https:\/\/norint.eu\/no\/wp-json\/wp\/v2\/users\/4"}],"replies":[{"embeddable":true,"href":"https:\/\/norint.eu\/no\/wp-json\/wp\/v2\/comments?post=589"}],"version-history":[{"count":0,"href":"https:\/\/norint.eu\/no\/wp-json\/wp\/v2\/pages\/589\/revisions"}],"wp:attachment":[{"href":"https:\/\/norint.eu\/no\/wp-json\/wp\/v2\/media?parent=589"}],"curies":[{"name":"wp","href":"https:\/\/api.w.org\/{rel}","templated":true}]}}