{"id":594,"date":"2019-11-26T11:18:52","date_gmt":"2019-11-26T11:18:52","guid":{"rendered":"https:\/\/norint.eu\/wordpress\/?page_id=594"},"modified":"2021-01-29T09:47:56","modified_gmt":"2021-01-29T09:47:56","slug":"norskprove","status":"publish","type":"page","link":"https:\/\/norint.eu\/no\/norskprove\/","title":{"rendered":"Norskpr\u00f8ve"},"content":{"rendered":"<p>[vc_row][vc_column]<div class=\"ult-animation  ult-animate-viewport  ult-no-mobile \" data-animate=\"fadeInLeft\" data-animation-delay=\"0\" data-animation-duration=\"3\" data-animation-iteration=\"1\" style=\"opacity:0;\" data-opacity_start_effect=\"\"><div class='dt-sc-title script-with-sub-title '><h2>Norskpr\u00f8ve har <strong> to hoveddeler: skriftlig og muntlig. <\/strong><\/h2><h3><\/h3><\/div><\/div>[\/vc_column][\/vc_row][vc_row][vc_column]<div class=\"ult-animation  ult-animate-viewport  ult-no-mobile \" data-animate=\"fadeInLeft\" data-animation-delay=\"0\" data-animation-duration=\"3\" data-animation-iteration=\"1\" style=\"opacity:0;\" data-opacity_start_effect=\"\">[vc_text_separator title=&#8221;Den skriftlige testen (gjennomf\u00f8rt med bruk av PC) best\u00e5r av:&#8221; color=&#8221;blue&#8221; style=&#8221;double&#8221; border_width=&#8221;4&#8243;]<\/div>[\/vc_column][vc_column width=&#8221;5\/12&#8243;]<div class=\"ult-animation  ult-animate-viewport  ult-no-mobile \" data-animate=\"fadeInLeft\" data-animation-delay=\"0\" data-animation-duration=\"3\" data-animation-iteration=\"1\" style=\"opacity:0;\" data-opacity_start_effect=\"\">[vc_single_image image=&#8221;714&#8243; img_size=&#8221;large&#8221;]<\/div>[\/vc_column][vc_column width=&#8221;7\/12&#8243;]<div class=\"ult-animation  ult-animate-viewport  ult-no-mobile \" data-animate=\"fadeInLeft\" data-animation-delay=\"0\" data-animation-duration=\"3\" data-animation-iteration=\"1\" style=\"opacity:0;\" data-opacity_start_effect=\"\"><ul class='dt-sc-fancy-list  blue  rounded-tick'>\n<li><strong> lytte- og lytteforst\u00e5elses\u00f8velser (25-50 minutter) <\/strong><\/li>\n<li><strong> lese- og forst\u00e5elses\u00f8velser (75 minutter) <\/strong><\/li>\n<li><strong> stiloppgave om et gitt emne, A1\/A2 og A2\/B1 (90 minutter), B1\/B2 (120 minutter)<\/strong><\/li>\n<\/ul><\/div>[\/vc_column][vc_column]<div class=\"ult-animation  ult-animate-viewport  ult-no-mobile \" data-animate=\"fadeInLeft\" data-animation-delay=\"0\" data-animation-duration=\"3\" data-animation-iteration=\"1\" style=\"opacity:0;\" data-opacity_start_effect=\"\">[vc_column_text]De to f\u00f8rste delene av den skriftlige testen justeres fortl\u00f8pende til spr\u00e5kniv\u00e5et til testtakeren. Antall foresl\u00e5tte oppgaver avhenger av riktigheten i svarene du f\u00e5r, dvs. jo flere riktige svar, jo flere og vanskeligere \u00f8velser \u00e5 l\u00f8se. Hvis svarene stemmer, \u00f8ker ogs\u00e5 antall sp\u00f8rsm\u00e5l som skal gj\u00f8res i f\u00f8rste del av testen.[\/vc_column_text]<\/div>[\/vc_column][\/vc_row][vc_row][vc_column]<div class=\"ult-animation  ult-animate-viewport  ult-no-mobile \" data-animate=\"fadeInLeft\" data-animation-delay=\"0\" data-animation-duration=\"3\" data-animation-iteration=\"1\" style=\"opacity:0;\" data-opacity_start_effect=\"\">[vc_text_separator title=&#8221;Den muntlige eksamen (ca. 20-30 minutter) er delt i 3 deler:&#8221; color=&#8221;blue&#8221; style=&#8221;double&#8221; border_width=&#8221;4&#8243;]<\/div>[\/vc_column][vc_column width=&#8221;3\/4&#8243;]<div class=\"ult-animation  ult-animate-viewport  ult-no-mobile \" data-animate=\"fadeInLeft\" data-animation-delay=\"0\" data-animation-duration=\"3\" data-animation-iteration=\"1\" style=\"opacity:0;\" data-opacity_start_effect=\"\"><ul class='dt-sc-fancy-list  blue  rounded-tick'>\n<li>samtale<\/li>\n<li>individuell uttalelse om et gitte emne.<\/li>\n<\/ul><\/div>[\/vc_column][vc_column width=&#8221;1\/4&#8243;]<div class=\"ult-animation  ult-animate-viewport  ult-no-mobile \" data-animate=\"fadeInLeft\" data-animation-delay=\"0\" data-animation-duration=\"3\" data-animation-iteration=\"1\" style=\"opacity:0;\" data-opacity_start_effect=\"\"><\/div>[\/vc_column][vc_column]<div class=\"ult-animation  ult-animate-viewport  ult-no-mobile \" data-animate=\"fadeInLeft\" data-animation-delay=\"0\" data-animation-duration=\"3\" data-animation-iteration=\"1\" style=\"opacity:0;\" data-opacity_start_effect=\"\"><div class=\"ult-spacer spacer-69e7717c24061\" data-id=\"69e7717c24061\" data-height=\"25\" data-height-mobile=\"25\" data-height-tab=\"25\" data-height-tab-portrait=\"\" data-height-mobile-landscape=\"\" style=\"clear:both;display:block;\"><\/div>[vc_column_text]\u00c5 bruke eventuell ekstra &#8220;hjelp&#8221; mens du tar eksamen (som Internett, ordbok, telefon, notater, personen som sitter ved siden av deg eller arbeidet deres osv.) Er uakseptabelt og straffes hardt (utvisning fra testen, manglende sertifikat for hvilken som helst del av eksamen, begrenset med \u00e5 ta den p\u00e5 nytt i et \u00e5r og).<\/p>\n<p>Norskpr\u00f8ve (b\u00e5de skriftlig og muntlig) kan tas p\u00e5 f\u00f8lgende niv\u00e5er:<\/p>\n<p>A1-A2, A2-B1 eller B1-B2. Valg av niv\u00e5 avgj\u00f8res under p\u00e5melding. Bekreftelse p\u00e5 best\u00e5tt eksamen p\u00e5 valgt niv\u00e5 er utstedt sertifikat.<\/p>\n<p>Niv\u00e5 A1 tilsvarer tidligere Norskpr\u00f8ve 1, niv\u00e5 A2 &#8211; Norskpr\u00f8ve 2, niv\u00e5 B1 &#8211; Norskpr\u00f8ve 3, og niv\u00e5 B2 er grunnlaget for opptak til studier i Norge.[\/vc_column_text][vc_text_separator title=&#8221;Norskpr\u00f8ve eksamensdatoer i 2021:&#8221; color=&#8221;blue&#8221; style=&#8221;double&#8221; border_width=&#8221;4&#8243;]<\/div>[\/vc_column][\/vc_row][vc_row][vc_column width=&#8221;1\/6&#8243;][\/vc_column][vc_column width=&#8221;4\/6&#8243;]<div class=\"ult-animation  ult-animate-viewport  ult-no-mobile \" data-animate=\"fadeInLeftBig\" data-animation-delay=\"0\" data-animation-duration=\"2\" data-animation-iteration=\"1\" style=\"opacity:0;\" data-opacity_start_effect=\"\"><div class=\"ult_pricing_table_wrap ult_info_table ult_design_2  ult-cs-blue \">\r\n\t\t\t\t\t<div class=\"ult_pricing_table \" style=\" \"><div id=\"Info-table-wrap-9888\" class=\"ult_pricing_heading\" style=\"\">\r\n\t\t\t\t\t\t\t<h3 class=\"ult-responsive\"  data-ultimate-target='#Info-table-wrap-9888 h3'  data-responsive-json-new='{\"font-size\":\"\",\"line-height\":\"\"}'  style=\"font-weight:normal;\"><\/h3><\/div><!--ult_pricing_heading--><div id=\"info_table_features_wrap-8801\"  data-ultimate-target='#info_table_features_wrap-8801.ult_price_features'  data-responsive-json-new='{\"font-size\":\"\",\"line-height\":\"\"}'  class=\"ult-responsive ult_price_features\" style=\"font-weight:normal;\">\r\n\t\t\t\t\t\t\t<figure class=\"wp-block-table\"><strong> V\u00c5R 2021\u00a0<\/strong><br \/>\nregistrering for eksamen (online)28. januar &#8211; 22. januar 2021 eksamen 8. mars &#8211; 19. mars 2021<strong> SOMMER 2021\u00a0<\/strong><br \/>\nregistrering for eksamen (online)14. april &#8211; 20. april 2021 eksamen1 8. mai &#8211; 28. mai 2020<strong> H\u00d8ST 2021\u00a0<\/strong><br \/>\neksamensregistrering (online)23. august &#8211; 27. august eksamen 27. september &#8211; 1. oktober<\/p>\n<p><strong> VINTER 2021\u00a0<\/strong><br \/>\neksamensregistrering (online)1. november &#8211; 5. november eksamen 6. desember &#8211; 10. desember<\/figure>\n\r\n\t\t\t\t\t\t<\/div><!--ult_price_features--><div class=\"ult_clr\"><\/div>\r\n\t\t\t<\/div><!--pricing_table-->\r\n\t\t<\/div><!--pricing_table_wrap--><\/div>[\/vc_column][vc_column width=&#8221;1\/6&#8243;][\/vc_column][vc_column]<div class=\"ult-animation  ult-animate-viewport  ult-no-mobile \" data-animate=\"fadeInLeft\" data-animation-delay=\"0\" data-animation-duration=\"3\" data-animation-iteration=\"1\" style=\"opacity:0;\" data-opacity_start_effect=\"\">[vc_column_text]Norskpr\u00f8ve-eksamen holdes over hele Norge (i de fleste kommuner). Alle som vil kan ta del i det, de kan fritt velge stedet for \u00e5 ta eksamen. Imidlertid har mange kommuner et begrenset antall plasser, s\u00e5 det er best \u00e5 melde seg p\u00e5 eksamen tidlig i registreringsperioden.<\/p>\n<p>Du kan kun melde deg p\u00e5 Norskpr\u00f8ve innen foreskrevet periode, inkl. via <a href=\"https:\/\/www.kompetansenorge.no\">https:\/\/www.kompetansenorge.no<\/a>\/, som ogs\u00e5 inneholder annen nyttig informasjon.<\/p>\n<p>Du kan registrere deg for begge, dvs. den skriftlige og muntlige delen av eksamenen, eller bare en av dem. Hvis du tar den skriftlige eksamenen for f\u00f8rste gang, m\u00e5 du registrere deg for alle tre delene: lese, lytte og skrive. Hvis du allerede har tatt den f\u00f8r (i datamaskinversjonen), kan du ogs\u00e5 velge alle de tre delene av testen eller bare noen av dem.<\/p>\n<p>Hvis du registrerer deg for eksamen, vil du motta en skriftlig beskjed minst to uker f\u00f8r planlagt dato, der du angir hvor og n\u00e5r du kan ta testen.<\/p>\n<p>Det er vanligvis et gebyr for \u00e5 ta Norskpr\u00f8ve. Hvert testsenter bestemmer hva prisen vil v\u00e6re. Du m\u00e5 ogs\u00e5 betale for \u00e5 ta eksamen p\u00e5 nytt. Kostnadene ved eksamen varierer fra 300 &#8211; 2200 kroner, de er satt av enkeltkommuner og er synlige i registreringspanelet.<\/p>\n<p>Men hvis du har rett til \u00e5 l\u00e6re norsk gratis, kan du ogs\u00e5 ta Norskpr\u00f8ve-eksamen gratis (en gang).<\/p>\n<p>Norskpr\u00f8ve (etter individuell justering av testen) kan tas av synshemmede og h\u00f8rselshemmede, studenter med dysleksi og andre problemer som gj\u00f8r det vanskelig \u00e5 best\u00e5 eksamen i henhold til vanlige regler. Hvis du trenger individuell eksamenstilpasning eller ikke er sikker p\u00e5 om du kan f\u00e5 det, kan du kontakte oss! Vi kan hjelpe deg med \u00e5 f\u00e5 den informasjonen du trenger og fullf\u00f8re formalitetene :-).[\/vc_column_text]<\/div>[\/vc_column][\/vc_row]<\/p>\n","protected":false},"excerpt":{"rendered":"<p>[vc_row][vc_column][\/vc_column][\/vc_row][vc_row][vc_column][\/vc_column][vc_column width=&#8221;5\/12&#8243;][\/vc_column][vc_column width=&#8221;7\/12&#8243;][\/vc_column][vc_column][\/vc_column][\/vc_row][vc_row][vc_column][\/vc_column][vc_column width=&#8221;3\/4&#8243;][\/vc_column][vc_column width=&#8221;1\/4&#8243;][\/vc_column][vc_column][\/vc_column][\/vc_row][vc_row][vc_column width=&#8221;1\/6&#8243;][\/vc_column][vc_column width=&#8221;4\/6&#8243;][\/vc_column][vc_column width=&#8221;1\/6&#8243;][\/vc_column][vc_column][\/vc_column][\/vc_row]<\/p>\n","protected":false},"author":4,"featured_media":0,"parent":0,"menu_order":0,"comment_status":"closed","ping_status":"closed","template":"","meta":[],"_links":{"self":[{"href":"https:\/\/norint.eu\/no\/wp-json\/wp\/v2\/pages\/594"}],"collection":[{"href":"https:\/\/norint.eu\/no\/wp-json\/wp\/v2\/pages"}],"about":[{"href":"https:\/\/norint.eu\/no\/wp-json\/wp\/v2\/types\/page"}],"author":[{"embeddable":true,"href":"https:\/\/norint.eu\/no\/wp-json\/wp\/v2\/users\/4"}],"replies":[{"embeddable":true,"href":"https:\/\/norint.eu\/no\/wp-json\/wp\/v2\/comments?post=594"}],"version-history":[{"count":2,"href":"https:\/\/norint.eu\/no\/wp-json\/wp\/v2\/pages\/594\/revisions"}],"predecessor-version":[{"id":1544,"href":"https:\/\/norint.eu\/no\/wp-json\/wp\/v2\/pages\/594\/revisions\/1544"}],"wp:attachment":[{"href":"https:\/\/norint.eu\/no\/wp-json\/wp\/v2\/media?parent=594"}],"curies":[{"name":"wp","href":"https:\/\/api.w.org\/{rel}","templated":true}]}}