{"id":596,"date":"2019-11-26T11:19:29","date_gmt":"2019-11-26T11:19:29","guid":{"rendered":"https:\/\/norint.eu\/wordpress\/?page_id=596"},"modified":"2021-01-29T10:24:16","modified_gmt":"2021-01-29T10:24:16","slug":"bergenstest","status":"publish","type":"page","link":"https:\/\/norint.eu\/no\/bergenstest\/","title":{"rendered":"Bergenstest"},"content":{"rendered":"<p>[vc_row][vc_column]<div class=\"ult-animation  ult-animate-viewport  ult-no-mobile \" data-animate=\"fadeInLeft\" data-animation-delay=\"0\" data-animation-duration=\"2\" data-animation-iteration=\"1\" style=\"opacity:0;\" data-opacity_start_effect=\"\"><div class='dt-sc-title script-with-sub-title '><h2>Bergenstest - <strong> niv\u00e5 B2 \/ C1 <\/strong><\/h2><h3><\/h3><\/div><\/div>[\/vc_column][\/vc_row][vc_row][vc_column]<div class=\"ult-animation  ult-animate-viewport  ult-no-mobile \" data-animate=\"fadeInLeft\" data-animation-delay=\"0\" data-animation-duration=\"2\" data-animation-iteration=\"1\" style=\"opacity:0;\" data-opacity_start_effect=\"\">[vc_column_text]Bergenstest er en skriftlig eksamen for utlendinger som har tenkt \u00e5 studere i Norge, samt \u00e5 s\u00f8ke p\u00e5 jobber som krever gode spr\u00e5kkunnskaper (f.eks. Leger, farmas\u00f8yter, l\u00e6rere, advokater osv.) Og for norske statsborgere som har fullf\u00f8rt videreg\u00e5ende utdanning i utlandet.<\/p>\n<p>Den muntlige eksamenen er utviklet hovedsakelig for helsepersonell og andre utlendinger som, n\u00e5r de s\u00f8ker om \u00e5 studere eller jobbe i Norge, er p\u00e5lagt \u00e5 dokumentere evnen til \u00e5 snakke norsk p\u00e5 et avansert niv\u00e5.[\/vc_column_text][vc_column_text]<strong> Den skriftlige eksamenen best\u00e5r av to, to og en halv times blokker fordelt p\u00e5 fem mindre deler: <\/strong>[\/vc_column_text]<\/div>[\/vc_column][\/vc_row][vc_row][vc_column width=&#8221;4\/12&#8243;]<div class=\"ult-animation  ult-animate-viewport  ult-no-mobile \" data-animate=\"fadeInLeft\" data-animation-delay=\"0\" data-animation-duration=\"2\" data-animation-iteration=\"1\" style=\"opacity:0;\" data-opacity_start_effect=\"\"><div class=\"ult-spacer spacer-69e7f590062e6\" data-id=\"69e7f590062e6\" data-height=\"25\" data-height-mobile=\"25\" data-height-tab=\"25\" data-height-tab-portrait=\"\" data-height-mobile-landscape=\"\" style=\"clear:both;display:block;\"><\/div>[vc_single_image image=&#8221;51&#8243; img_size=&#8221;full&#8221;]<\/div>[\/vc_column][vc_column width=&#8221;8\/12&#8243;]<div class=\"ult-animation  ult-animate-viewport  ult-no-mobile \" data-animate=\"fadeInLeft\" data-animation-delay=\"0\" data-animation-duration=\"2\" data-animation-iteration=\"1\" style=\"opacity:0;\" data-opacity_start_effect=\"\"><strong> Blokk I <\/strong>:<\/p>\n<ul class='dt-sc-fancy-list  blue  rounded-tick'>\n<li>Leseforst\u00e5else: tre tekster, 28-32 \u00e5pne sp\u00f8rsm\u00e5l og flervalgssp\u00f8rsm\u00e5l.<\/li>\n<li>Lytte: 25 flervalgssp\u00f8rsm\u00e5l.<\/li>\n<li>Oppsummering av intervjuet jeg h\u00f8rte.<\/li>\n<\/ul>\n<p><strong> Blokk II <\/strong>:\n,<\/p>\n<ul class='dt-sc-fancy-list  blue  rounded-tick'>\n<li>Grammatikk, ord og uttrykk: 30 problemer.<\/li>\n<li>Essay: ett beskrivende sp\u00f8rsm\u00e5l.<\/li>\n<\/ul>\n<p>Eksamensdatoer i 2021 i Oslo (eksamensdatoer i andre byer er tilgjengelig p\u00e5 Folkenuniversitetets nettsted):<\/p>\n<ul class='dt-sc-fancy-list  blue  rounded-tick'>\n<li>skriftlig del: 10.april<\/li>\n<li>muntlig del: 6. februar, 24.april<\/li>\n<\/ul><\/div>[\/vc_column][\/vc_row][vc_row][vc_column]<div class=\"ult-animation  ult-animate-viewport  ult-no-mobile \" data-animate=\"fadeInLeft\" data-animation-delay=\"0\" data-animation-duration=\"2\" data-animation-iteration=\"1\" style=\"opacity:0;\" data-opacity_start_effect=\"\"><div class=\"ult-spacer spacer-69e7f590064fb\" data-id=\"69e7f590064fb\" data-height=\"25\" data-height-mobile=\"25\" data-height-tab=\"25\" data-height-tab-portrait=\"\" data-height-mobile-landscape=\"\" style=\"clear:both;display:block;\"><\/div>[vc_column_text]Du kan ta den skriftlige eksamen i f\u00f8lgende norske byer: Tr\u00f8mso, Alta, Bod\u00f8, Trondheim, \u00c5lesund, F\u00f8rde, Bergen, Haugesund, Stavanger, Arendal, Fredrikstad, Larvik og Oslo. Og den muntlige eksamen i: Tr\u00f8mso, Trondheim, \u00c5lesund, Bergen, Stavanger, Oslo.[\/vc_column_text]<\/div><div class=\"ult-animation  ult-animate-viewport  ult-no-mobile \" data-animate=\"fadeInLeft\" data-animation-delay=\"0\" data-animation-duration=\"2\" data-animation-iteration=\"1\" style=\"opacity:0;\" data-opacity_start_effect=\"\"><strong> Priser: <\/strong><\/p>\n<ul class='dt-sc-fancy-list  blue  rounded-tick'>\n<li>Skriftlig del: 2390 kroner<\/li>\n<li>Muntlig del: 1090 kroner<\/li>\n<\/ul><\/div><div class=\"ult-animation  ult-animate-viewport  ult-no-mobile \" data-animate=\"fadeInLeft\" data-animation-delay=\"0\" data-animation-duration=\"2\" data-animation-iteration=\"1\" style=\"opacity:0;\" data-opacity_start_effect=\"\"><div class=\"ult-spacer spacer-69e7f59006631\" data-id=\"69e7f59006631\" data-height=\"25\" data-height-mobile=\"25\" data-height-tab=\"25\" data-height-tab-portrait=\"\" data-height-mobile-landscape=\"\" style=\"clear:both;display:block;\"><\/div>[vc_column_text]Hvis du ikke kan komme til Norge, kan du ta den skriftlige eksamen i utlandet p\u00e5 spesielle vilk\u00e5r fastsatt av den norske ambassaden.<\/p>\n<p>Du kan melde deg p\u00e5 Bergenstest bare innen fristen p\u00e5 nettstedet <a href=\"http:\/\/www.folkeuniversitetet.no\/english-pages\/norsk-spraktest\/norskprove-2 -and-3 \/ general-information-about- norskprove-2 \/ side-id-10306 \/\"> folkeuniversitetet.no <\/a>; registrering er bindende.<\/p>\n<p>Kandidater med dysleksi kan pr\u00f8ve \u00e5 tilpasse reglene for eksamen for \u00e5 dekke deres behov.[\/vc_column_text]<\/div>[\/vc_column][\/vc_row]<\/p>\n","protected":false},"excerpt":{"rendered":"<p>[vc_row][vc_column][\/vc_column][\/vc_row][vc_row][vc_column][\/vc_column][\/vc_row][vc_row][vc_column width=&#8221;4\/12&#8243;][\/vc_column][vc_column width=&#8221;8\/12&#8243;][\/vc_column][\/vc_row][vc_row][vc_column][\/vc_column][\/vc_row]<\/p>\n","protected":false},"author":4,"featured_media":0,"parent":0,"menu_order":0,"comment_status":"closed","ping_status":"closed","template":"","meta":[],"_links":{"self":[{"href":"https:\/\/norint.eu\/no\/wp-json\/wp\/v2\/pages\/596"}],"collection":[{"href":"https:\/\/norint.eu\/no\/wp-json\/wp\/v2\/pages"}],"about":[{"href":"https:\/\/norint.eu\/no\/wp-json\/wp\/v2\/types\/page"}],"author":[{"embeddable":true,"href":"https:\/\/norint.eu\/no\/wp-json\/wp\/v2\/users\/4"}],"replies":[{"embeddable":true,"href":"https:\/\/norint.eu\/no\/wp-json\/wp\/v2\/comments?post=596"}],"version-history":[{"count":2,"href":"https:\/\/norint.eu\/no\/wp-json\/wp\/v2\/pages\/596\/revisions"}],"predecessor-version":[{"id":1546,"href":"https:\/\/norint.eu\/no\/wp-json\/wp\/v2\/pages\/596\/revisions\/1546"}],"wp:attachment":[{"href":"https:\/\/norint.eu\/no\/wp-json\/wp\/v2\/media?parent=596"}],"curies":[{"name":"wp","href":"https:\/\/api.w.org\/{rel}","templated":true}]}}